{"id":128,"date":"2022-02-20T12:05:45","date_gmt":"2022-02-20T11:05:45","guid":{"rendered":"https:\/\/cooperer.coop\/?page_id=128"},"modified":"2022-09-14T14:46:11","modified_gmt":"2022-09-14T12:46:11","slug":"contact","status":"publish","type":"page","link":"https:\/\/cooperer.coop\/?page_id=128","title":{"rendered":"Contact"},"content":{"rendered":"<style>#kt-layout-id_a89822-d5{margin-top:0px;}#kt-layout-id_a89822-d5 > .kt-row-column-wrap{align-content:start;}:where(#kt-layout-id_a89822-d5 > .kt-row-column-wrap) > .wp-block-kadence-column{justify-content:start;}#kt-layout-id_a89822-d5 > .kt-row-column-wrap{column-gap:var(--global-kb-gap-md, 2rem);row-gap:var(--global-kb-gap-md, 2rem);padding-top:var( --global-kb-row-default-top, 25px );padding-bottom:var( --global-kb-row-default-bottom, 25px );padding-top:0px;padding-bottom:0px;min-height:250px;grid-template-columns:minmax(0, 1fr);}#kt-layout-id_a89822-d5 > .kt-row-layout-overlay{opacity:0.70;background-color:#000000;background-image:url('https:\/\/cooperer.coop\/wp-content\/uploads\/2022\/02\/CPE-36.jpg');background-size:cover;background-position:51% 48%;background-attachment:fixed;background-repeat:no-repeat;}@media all and (max-width: 1024px), only screen and (min-device-width: 1024px) and (max-device-width: 1366px) and (-webkit-min-device-pixel-ratio: 2) and (orientation: landscape) and (hover: none){#kt-layout-id_a89822-d5 > .kt-row-layout-overlay{background-attachment:scroll;}}@media all and (max-width: 1024px){#kt-layout-id_a89822-d5 > .kt-row-column-wrap{grid-template-columns:minmax(0, 1fr);}}@media all and (max-width: 767px){#kt-layout-id_a89822-d5 > .kt-row-column-wrap{grid-template-columns:minmax(0, 1fr);}}<\/style>\n<div class=\"wp-block-kadence-rowlayout alignfull en-tete-labo\"><div id=\"kt-layout-id_a89822-d5\" class=\"kt-row-layout-inner kt-row-has-bg kt-layout-id_a89822-d5 has-primary-background-color\"><div class=\"kt-row-layout-overlay kt-row-overlay-normal kt-jarallax\"><\/div><div class=\"kt-row-column-wrap kt-has-1-columns kt-gutter-default kt-v-gutter-default kt-row-valign-top kt-row-layout-equal kt-tab-layout-inherit kt-m-colapse-left-to-right kt-mobile-layout-row\"><style>.kadence-column_d75376-79 > .kt-inside-inner-col{border-top-width:0px;border-right-width:0px;border-bottom-width:0px;border-left-width:0px;}.kadence-column_d75376-79 > .kt-inside-inner-col,.kadence-column_d75376-79 > .kt-inside-inner-col:before{border-top-left-radius:0px;border-top-right-radius:0px;border-bottom-right-radius:0px;border-bottom-left-radius:0px;}.kadence-column_d75376-79 > .kt-inside-inner-col{column-gap:var(--global-kb-gap-sm, 1rem);}.kadence-column_d75376-79 > .kt-inside-inner-col{flex-direction:column;}.kadence-column_d75376-79 > .kt-inside-inner-col > .aligncenter{width:100%;}.kadence-column_d75376-79 > .kt-inside-inner-col:before{opacity:0.3;}.kadence-column_d75376-79{position:relative;}@media all and (max-width: 1024px){.kadence-column_d75376-79 > .kt-inside-inner-col{flex-direction:column;}}@media all and (max-width: 767px){.kadence-column_d75376-79 > .kt-inside-inner-col{flex-direction:column;}}<\/style>\n<div class=\"wp-block-kadence-column inner-column-1 kadence-column_d75376-79\"><div class=\"kt-inside-inner-col\"><\/div><\/div>\n<\/div><\/div><\/div>\n\n\n<style>#kt-layout-id_99fb2b-ed > .kt-row-column-wrap{align-content:start;}:where(#kt-layout-id_99fb2b-ed > .kt-row-column-wrap) > .wp-block-kadence-column{justify-content:start;}#kt-layout-id_99fb2b-ed > .kt-row-column-wrap{column-gap:var(--global-kb-gap-md, 2rem);row-gap:var(--global-kb-gap-md, 2rem);padding-top:var( --global-kb-row-default-top, 25px );padding-bottom:var( --global-kb-row-default-bottom, 25px );padding-top:var(--global-kb-spacing-sm, 1.5rem);padding-bottom:var(--global-kb-spacing-sm, 1.5rem);grid-template-columns:minmax(0, 1fr) minmax(0, 2fr);}#kt-layout-id_99fb2b-ed > .kt-row-layout-overlay{opacity:0.30;}@media all and (max-width: 1024px){#kt-layout-id_99fb2b-ed > .kt-row-column-wrap{grid-template-columns:minmax(0, 1fr) minmax(0, 2fr);}}@media all and (max-width: 767px){#kt-layout-id_99fb2b-ed > .kt-row-column-wrap{grid-template-columns:minmax(0, 1fr);}}<\/style>\n<div class=\"wp-block-kadence-rowlayout alignnone\"><div id=\"kt-layout-id_99fb2b-ed\" class=\"kt-row-layout-inner kt-layout-id_99fb2b-ed\"><div class=\"kt-row-column-wrap kt-has-2-columns kt-gutter-default kt-v-gutter-default kt-row-valign-top kt-row-layout-right-golden kt-tab-layout-inherit kt-m-colapse-left-to-right kt-mobile-layout-row\"><style>.kadence-column_479504-d7 > .kt-inside-inner-col{border-top-width:0px;border-right-width:0px;border-bottom-width:0px;border-left-width:0px;}.kadence-column_479504-d7 > .kt-inside-inner-col,.kadence-column_479504-d7 > .kt-inside-inner-col:before{border-top-left-radius:0px;border-top-right-radius:0px;border-bottom-right-radius:0px;border-bottom-left-radius:0px;}.kadence-column_479504-d7 > .kt-inside-inner-col{column-gap:var(--global-kb-gap-sm, 1rem);}.kadence-column_479504-d7 > .kt-inside-inner-col{flex-direction:column;}.kadence-column_479504-d7 > .kt-inside-inner-col > .aligncenter{width:100%;}.kadence-column_479504-d7 > .kt-inside-inner-col:before{opacity:0.3;}.kadence-column_479504-d7{position:relative;}@media all and (max-width: 1024px){.kadence-column_479504-d7 > .kt-inside-inner-col{flex-direction:column;}}@media all and (max-width: 767px){.kadence-column_479504-d7 > .kt-inside-inner-col{flex-direction:column;}}<\/style>\n<div class=\"wp-block-kadence-column inner-column-1 kadence-column_479504-d7\"><div class=\"kt-inside-inner-col\"><style>.wp-block-kadence-advancedheading.kt-adv-heading_10a104-43, .wp-block-kadence-advancedheading.kt-adv-heading_10a104-43[data-kb-block=\"kb-adv-heading_10a104-43\"]{font-size:3.4rem;font-style:normal;}.wp-block-kadence-advancedheading.kt-adv-heading_10a104-43 mark.kt-highlight, .wp-block-kadence-advancedheading.kt-adv-heading_10a104-43[data-kb-block=\"kb-adv-heading_10a104-43\"] mark.kt-highlight{font-style:normal;color:#f76a0c;padding-top:0px;padding-right:0px;padding-bottom:0px;padding-left:0px;}<\/style>\n<h1 class=\"kt-adv-heading_10a104-43 wp-block-kadence-advancedheading\" data-kb-block=\"kb-adv-heading_10a104-43\">Contact<\/h1>\n\n\n\n<p>Vous souhaitez avoir des informations sur enDI, le logiciel de gestion des ind\u00e9pendants en collectif ? <br>Vous souhaitez en savoir plus sur Coop\u00e9rer pour Entreprendre et ses r\u00e9alisations ? <br>Ecrivez-nous \u00e0 info@cooperer.coop<\/p>\n<\/div><\/div>\n\n\n<style>.kadence-column_f0f465-98 > .kt-inside-inner-col{border-top-width:0px;border-right-width:0px;border-bottom-width:0px;border-left-width:0px;}.kadence-column_f0f465-98 > .kt-inside-inner-col,.kadence-column_f0f465-98 > .kt-inside-inner-col:before{border-top-left-radius:0px;border-top-right-radius:0px;border-bottom-right-radius:0px;border-bottom-left-radius:0px;}.kadence-column_f0f465-98 > .kt-inside-inner-col{column-gap:var(--global-kb-gap-sm, 1rem);}.kadence-column_f0f465-98 > .kt-inside-inner-col{flex-direction:column;}.kadence-column_f0f465-98 > .kt-inside-inner-col > .aligncenter{width:100%;}.kadence-column_f0f465-98 > .kt-inside-inner-col:before{opacity:0.3;}.kadence-column_f0f465-98{position:relative;}@media all and (max-width: 1024px){.kadence-column_f0f465-98 > .kt-inside-inner-col{flex-direction:column;}}@media all and (max-width: 767px){.kadence-column_f0f465-98 > .kt-inside-inner-col{flex-direction:column;}}<\/style>\n<div class=\"wp-block-kadence-column inner-column-2 kadence-column_f0f465-98\"><div class=\"kt-inside-inner-col\">\n<div class=\"wp-block-contact-form-7-contact-form-selector\">\n<div class=\"wpcf7 no-js\" id=\"wpcf7-f173-o1\" lang=\"fr-FR\" dir=\"ltr\" data-wpcf7-id=\"173\">\n<div class=\"screen-reader-response\"><p role=\"status\" aria-live=\"polite\" aria-atomic=\"true\"><\/p> <ul><\/ul><\/div>\n<form action=\"\/index.php?rest_route=%2Fwp%2Fv2%2Fpages%2F128#wpcf7-f173-o1\" method=\"post\" class=\"wpcf7-form init\" aria-label=\"Formulaire de contact\" novalidate=\"novalidate\" data-status=\"init\">\n<div style=\"display: none;\">\n<input type=\"hidden\" name=\"_wpcf7\" value=\"173\" \/>\n<input type=\"hidden\" name=\"_wpcf7_version\" value=\"6.0\" \/>\n<input type=\"hidden\" name=\"_wpcf7_locale\" value=\"fr_FR\" \/>\n<input type=\"hidden\" name=\"_wpcf7_unit_tag\" value=\"wpcf7-f173-o1\" \/>\n<input type=\"hidden\" name=\"_wpcf7_container_post\" value=\"0\" \/>\n<input type=\"hidden\" name=\"_wpcf7_posted_data_hash\" value=\"\" \/>\n<\/div>\n<p><label> Votre nom<br \/>\n<span class=\"wpcf7-form-control-wrap\" data-name=\"your-name\"><input size=\"40\" maxlength=\"400\" class=\"wpcf7-form-control wpcf7-text wpcf7-validates-as-required\" aria-required=\"true\" aria-invalid=\"false\" value=\"\" type=\"text\" name=\"your-name\" \/><\/span> <\/label>\n<\/p>\n<p><label> Votre pr\u00e9nom<br \/>\n<span class=\"wpcf7-form-control-wrap\" data-name=\"your-lastname\"><input size=\"40\" maxlength=\"400\" class=\"wpcf7-form-control wpcf7-text wpcf7-validates-as-required\" aria-required=\"true\" aria-invalid=\"false\" value=\"\" type=\"text\" name=\"your-lastname\" \/><\/span> <\/label>\n<\/p>\n<p><label> Votre e-mail<br \/>\n<span class=\"wpcf7-form-control-wrap\" data-name=\"your-email\"><input size=\"40\" maxlength=\"400\" class=\"wpcf7-form-control wpcf7-email wpcf7-validates-as-required wpcf7-text wpcf7-validates-as-email\" aria-required=\"true\" aria-invalid=\"false\" value=\"\" type=\"email\" name=\"your-email\" \/><\/span> <\/label>\n<\/p>\n<p><label> Objet<br \/>\n<span class=\"wpcf7-form-control-wrap\" data-name=\"your-subject\"><input size=\"40\" maxlength=\"400\" class=\"wpcf7-form-control wpcf7-text wpcf7-validates-as-required\" aria-required=\"true\" aria-invalid=\"false\" value=\"\" type=\"text\" name=\"your-subject\" \/><\/span> <\/label>\n<\/p>\n<p><label> Votre message<br \/>\n<span class=\"wpcf7-form-control-wrap\" data-name=\"your-message\"><textarea cols=\"40\" rows=\"10\" maxlength=\"2000\" class=\"wpcf7-form-control wpcf7-textarea\" aria-invalid=\"false\" name=\"your-message\"><\/textarea><\/span> <\/label>\n<\/p>\n<p><span class=\"wpcf7-form-control-wrap\" data-name=\"quiz-857\"><label><span class=\"wpcf7-quiz-label\">Pour v\u00e9rifier que vous n&#039;\u00eates pas un robot, merci d&#039;indiquer combien font 2 et 5 :<\/span> <input size=\"40\" class=\"wpcf7-form-control wpcf7-quiz\" autocomplete=\"off\" aria-required=\"true\" aria-invalid=\"false\" type=\"text\" name=\"quiz-857\" \/><\/label><input type=\"hidden\" name=\"_wpcf7_quiz_answer_quiz-857\" value=\"1d73d76a2114966600592c0782956143\" \/><\/span>\n<\/p>\n<p><input class=\"wpcf7-form-control wpcf7-submit has-spinner\" type=\"submit\" value=\"Envoyer\" \/>\n<\/p><p style=\"display: none !important;\" class=\"akismet-fields-container\" data-prefix=\"_wpcf7_ak_\"><label>&#916;<textarea name=\"_wpcf7_ak_hp_textarea\" cols=\"45\" rows=\"8\" maxlength=\"100\"><\/textarea><\/label><input type=\"hidden\" id=\"ak_js_1\" name=\"_wpcf7_ak_js\" value=\"243\"\/><script>document.getElementById( \"ak_js_1\" ).setAttribute( \"value\", ( new Date() ).getTime() );<\/script><\/p><div class=\"wpcf7-response-output\" aria-hidden=\"true\"><\/div>\n<\/form>\n<\/div>\n<\/div>\n<\/div><\/div>\n<\/div><\/div><\/div>\n","protected":false},"excerpt":{"rendered":"<p>Contact Vous souhaitez avoir des informations sur enDI, le logiciel de gestion des ind\u00e9pendants en collectif ? Vous souhaitez en savoir plus sur Coop\u00e9rer pour Entreprendre et ses r\u00e9alisations ? Ecrivez-nous \u00e0 info@cooperer.coop<\/p>\n","protected":false},"author":1,"featured_media":0,"parent":0,"menu_order":0,"comment_status":"closed","ping_status":"closed","template":"","meta":{"footnotes":""},"class_list":["post-128","page","type-page","status-publish","hentry"],"_links":{"self":[{"href":"https:\/\/cooperer.coop\/index.php?rest_route=\/wp\/v2\/pages\/128","targetHints":{"allow":["GET"]}}],"collection":[{"href":"https:\/\/cooperer.coop\/index.php?rest_route=\/wp\/v2\/pages"}],"about":[{"href":"https:\/\/cooperer.coop\/index.php?rest_route=\/wp\/v2\/types\/page"}],"author":[{"embeddable":true,"href":"https:\/\/cooperer.coop\/index.php?rest_route=\/wp\/v2\/users\/1"}],"replies":[{"embeddable":true,"href":"https:\/\/cooperer.coop\/index.php?rest_route=%2Fwp%2Fv2%2Fcomments&post=128"}],"version-history":[{"count":7,"href":"https:\/\/cooperer.coop\/index.php?rest_route=\/wp\/v2\/pages\/128\/revisions"}],"predecessor-version":[{"id":2326,"href":"https:\/\/cooperer.coop\/index.php?rest_route=\/wp\/v2\/pages\/128\/revisions\/2326"}],"wp:attachment":[{"href":"https:\/\/cooperer.coop\/index.php?rest_route=%2Fwp%2Fv2%2Fmedia&parent=128"}],"curies":[{"name":"wp","href":"https:\/\/api.w.org\/{rel}","templated":true}]}}