{"id":1598,"date":"2022-06-21T14:24:39","date_gmt":"2022-06-21T12:24:39","guid":{"rendered":"https:\/\/cooperer.coop\/?page_id=1598"},"modified":"2022-06-21T14:28:52","modified_gmt":"2022-06-21T12:28:52","slug":"espace-ressources-cae-impact","status":"publish","type":"page","link":"https:\/\/cooperer.coop\/?page_id=1598","title":{"rendered":"Espace ressources CAE-IMPACT"},"content":{"rendered":"<style>#kt-layout-id_67f02c-f7 > .kt-row-column-wrap{align-content:start;}:where(#kt-layout-id_67f02c-f7 > .kt-row-column-wrap) > .wp-block-kadence-column{justify-content:start;}#kt-layout-id_67f02c-f7 > .kt-row-column-wrap{column-gap:var(--global-kb-gap-md, 2rem);row-gap:var(--global-kb-gap-md, 2rem);padding-top:var( --global-kb-row-default-top, 25px );padding-bottom:var( --global-kb-row-default-bottom, 25px );padding-top:0px;padding-bottom:0px;grid-template-columns:minmax(0, 1fr);}#kt-layout-id_67f02c-f7 > .kt-row-layout-overlay{opacity:0.30;}@media all and (max-width: 1024px){#kt-layout-id_67f02c-f7 > .kt-row-column-wrap{grid-template-columns:minmax(0, 1fr);}}@media all and (max-width: 767px){#kt-layout-id_67f02c-f7 > .kt-row-column-wrap{grid-template-columns:minmax(0, 1fr);}}<\/style>\n<div class=\"wp-block-kadence-rowlayout alignnone\"><div id=\"kt-layout-id_67f02c-f7\" class=\"kt-row-layout-inner kt-layout-id_67f02c-f7\"><div class=\"kt-row-column-wrap kt-has-1-columns kt-gutter-default kt-v-gutter-default kt-row-valign-top kt-row-layout-equal kt-tab-layout-inherit kt-m-colapse-left-to-right kt-mobile-layout-row\"><style>.kadence-column_2c6073-4f > .kt-inside-inner-col{padding-top:0px;padding-bottom:0px;}.kadence-column_2c6073-4f > .kt-inside-inner-col{border-top-width:0px;border-right-width:0px;border-bottom-width:0px;border-left-width:0px;}.kadence-column_2c6073-4f > .kt-inside-inner-col,.kadence-column_2c6073-4f > .kt-inside-inner-col:before{border-top-left-radius:0px;border-top-right-radius:0px;border-bottom-right-radius:0px;border-bottom-left-radius:0px;}.kadence-column_2c6073-4f > .kt-inside-inner-col{column-gap:var(--global-kb-gap-sm, 1rem);}.kadence-column_2c6073-4f > .kt-inside-inner-col{flex-direction:column;}.kadence-column_2c6073-4f > .kt-inside-inner-col > .aligncenter{width:100%;}.kadence-column_2c6073-4f > .kt-inside-inner-col:before{opacity:0.3;}.kadence-column_2c6073-4f{position:relative;}.wp-block-kadence-column.kadence-column_2c6073-4f > .kt-inside-inner-col{margin-top:0px;margin-bottom:0px;}@media all and (max-width: 1024px){.kadence-column_2c6073-4f > .kt-inside-inner-col{flex-direction:column;}}@media all and (max-width: 767px){.kadence-column_2c6073-4f > .kt-inside-inner-col{flex-direction:column;}}<\/style>\n<div class=\"wp-block-kadence-column inner-column-1 kadence-column_2c6073-4f\"><div class=\"kt-inside-inner-col\">\n<div class=\"wp-block-columns is-layout-flex wp-container-core-columns-is-layout-9d6595d7 wp-block-columns-is-layout-flex\">\n<div class=\"wp-block-column is-layout-flow wp-block-column-is-layout-flow\" style=\"flex-basis:100%\"><style>.wp-block-kadence-advancedheading.kt-adv-heading_0c9fbe-c4, .wp-block-kadence-advancedheading.kt-adv-heading_0c9fbe-c4[data-kb-block=\"kb-adv-heading_0c9fbe-c4\"]{margin-top:0px;margin-bottom:0px;padding-top:0px;padding-bottom:0px;font-size:25px;font-style:normal;}.wp-block-kadence-advancedheading.kt-adv-heading_0c9fbe-c4 mark.kt-highlight, .wp-block-kadence-advancedheading.kt-adv-heading_0c9fbe-c4[data-kb-block=\"kb-adv-heading_0c9fbe-c4\"] mark.kt-highlight{font-style:normal;color:#f76a0c;padding-top:0px;padding-right:0px;padding-bottom:0px;padding-left:0px;}<\/style>\n<h2 class=\"kt-adv-heading_0c9fbe-c4 wp-block-kadence-advancedheading\" data-kb-block=\"kb-adv-heading_0c9fbe-c4\">Les outils de la d\u00e9marche CAE-IMPACT<\/h2>\n\n\n\n<div class=\"wp-block-columns is-layout-flex wp-container-core-columns-is-layout-9d6595d7 wp-block-columns-is-layout-flex\">\n<div class=\"wp-block-column is-layout-flow wp-block-column-is-layout-flow\" style=\"flex-basis:33.33%\"><style>.kb-image_64acaa-3c .kb-image-has-overlay:after{opacity:0.3;}<\/style>\n<figure class=\"wp-block-kadence-image kb-image_64acaa-3c size-large\"><img loading=\"lazy\" decoding=\"async\" width=\"1024\" height=\"760\" src=\"https:\/\/cooperer.coop\/wp-content\/uploads\/2022\/06\/visuel-couv-cae-impact-1024x760.png\" alt=\"\" class=\"kb-img wp-image-1599\" srcset=\"https:\/\/cooperer.coop\/wp-content\/uploads\/2022\/06\/visuel-couv-cae-impact-1024x760.png 1024w, https:\/\/cooperer.coop\/wp-content\/uploads\/2022\/06\/visuel-couv-cae-impact-300x223.png 300w, https:\/\/cooperer.coop\/wp-content\/uploads\/2022\/06\/visuel-couv-cae-impact-768x570.png 768w, https:\/\/cooperer.coop\/wp-content\/uploads\/2022\/06\/visuel-couv-cae-impact-1200x890.png 1200w, https:\/\/cooperer.coop\/wp-content\/uploads\/2022\/06\/visuel-couv-cae-impact-600x445.png 600w, https:\/\/cooperer.coop\/wp-content\/uploads\/2022\/06\/visuel-couv-cae-impact.png 1208w\" sizes=\"auto, (max-width: 1024px) 100vw, 1024px\" \/><\/figure>\n<\/div>\n\n\n\n<div class=\"wp-block-column is-layout-flow wp-block-column-is-layout-flow\" style=\"flex-basis:66.66%\">\n<ul class=\"wp-block-list\"><li>Le questionnaire aux entrepreneur.es<\/li><li>La matrice co\u00fbt-b\u00e9n\u00e9fice (excel)<\/li><li>Le graph radar individuel (excel)<\/li><li>Le graphe radar progression (excel)<\/li><li>Le radar impact complet<\/li><li>Le radar impact un par un<\/li><li>Le mod\u00e8le de rapport individuel<\/li><\/ul>\n<\/div>\n<\/div>\n<\/div>\n<\/div>\n<\/div><\/div>\n<\/div><\/div><\/div>\n\n\n<style>#kt-layout-id_915bba-d6 > .kt-row-column-wrap{align-content:start;}:where(#kt-layout-id_915bba-d6 > .kt-row-column-wrap) > .wp-block-kadence-column{justify-content:start;}#kt-layout-id_915bba-d6 > .kt-row-column-wrap{column-gap:var(--global-kb-gap-md, 2rem);row-gap:var(--global-kb-gap-md, 2rem);padding-top:var( --global-kb-row-default-top, 25px );padding-bottom:var( --global-kb-row-default-bottom, 25px );padding-top:0px;padding-bottom:40px;grid-template-columns:minmax(0, 1fr);}#kt-layout-id_915bba-d6 > .kt-row-layout-overlay{opacity:0.30;}@media all and (max-width: 1024px){#kt-layout-id_915bba-d6 > .kt-row-column-wrap{grid-template-columns:minmax(0, 1fr);}}@media all and (max-width: 767px){#kt-layout-id_915bba-d6 > .kt-row-column-wrap{grid-template-columns:minmax(0, 1fr);}}<\/style>\n<div class=\"wp-block-kadence-rowlayout alignnone\"><div id=\"kt-layout-id_915bba-d6\" class=\"kt-row-layout-inner kt-layout-id_915bba-d6\"><div class=\"kt-row-column-wrap kt-has-1-columns kt-gutter-default kt-v-gutter-default kt-row-valign-top kt-row-layout-equal kt-tab-layout-inherit kt-m-colapse-left-to-right kt-mobile-layout-row\"><style>.kadence-column_1bf47e-84 > .kt-inside-inner-col{padding-top:0px;padding-bottom:0px;}.kadence-column_1bf47e-84 > .kt-inside-inner-col{border-top-width:0px;border-right-width:0px;border-bottom-width:0px;border-left-width:0px;}.kadence-column_1bf47e-84 > .kt-inside-inner-col,.kadence-column_1bf47e-84 > .kt-inside-inner-col:before{border-top-left-radius:0px;border-top-right-radius:0px;border-bottom-right-radius:0px;border-bottom-left-radius:0px;}.kadence-column_1bf47e-84 > .kt-inside-inner-col{column-gap:var(--global-kb-gap-sm, 1rem);}.kadence-column_1bf47e-84 > .kt-inside-inner-col{flex-direction:column;}.kadence-column_1bf47e-84 > .kt-inside-inner-col > .aligncenter{width:100%;}.kadence-column_1bf47e-84 > .kt-inside-inner-col:before{opacity:0.3;}.kadence-column_1bf47e-84{position:relative;}.wp-block-kadence-column.kadence-column_1bf47e-84 > .kt-inside-inner-col{margin-top:0px;margin-bottom:0px;}@media all and (max-width: 1024px){.kadence-column_1bf47e-84 > .kt-inside-inner-col{flex-direction:column;}}@media all and (max-width: 767px){.kadence-column_1bf47e-84 > .kt-inside-inner-col{flex-direction:column;}}<\/style>\n<div class=\"wp-block-kadence-column inner-column-1 kadence-column_1bf47e-84\"><div class=\"kt-inside-inner-col\">\n<div class=\"wp-block-columns is-layout-flex wp-container-core-columns-is-layout-9d6595d7 wp-block-columns-is-layout-flex\">\n<div class=\"wp-block-column is-layout-flow wp-block-column-is-layout-flow\" style=\"flex-basis:50%\"><style>.wp-block-kadence-advancedheading.kt-adv-heading_b49039-ac, .wp-block-kadence-advancedheading.kt-adv-heading_b49039-ac[data-kb-block=\"kb-adv-heading_b49039-ac\"]{font-size:25px;font-style:normal;}.wp-block-kadence-advancedheading.kt-adv-heading_b49039-ac mark.kt-highlight, .wp-block-kadence-advancedheading.kt-adv-heading_b49039-ac[data-kb-block=\"kb-adv-heading_b49039-ac\"] mark.kt-highlight{font-style:normal;color:#f76a0c;padding-top:0px;padding-right:0px;padding-bottom:0px;padding-left:0px;}<\/style>\n<h2 class=\"kt-adv-heading_b49039-ac wp-block-kadence-advancedheading\" data-kb-block=\"kb-adv-heading_b49039-ac\">Des outils sous licence Creative Commons<\/h2>\n<\/div>\n\n\n\n<div class=\"wp-block-column is-layout-flow wp-block-column-is-layout-flow\" style=\"flex-basis:20%\"><style>.kb-image_3248f7-8a .kb-image-has-overlay:after{opacity:0.3;}<\/style>\n<figure class=\"wp-block-kadence-image kb-image_3248f7-8a size-medium\"><img loading=\"lazy\" decoding=\"async\" width=\"300\" height=\"105\" src=\"https:\/\/cooperer.coop\/wp-content\/uploads\/2022\/05\/Licence-CC-300x105.jpg\" alt=\"\" class=\"kb-img wp-image-1196\" srcset=\"https:\/\/cooperer.coop\/wp-content\/uploads\/2022\/05\/Licence-CC-300x105.jpg 300w, https:\/\/cooperer.coop\/wp-content\/uploads\/2022\/05\/Licence-CC-1024x358.jpg 1024w, https:\/\/cooperer.coop\/wp-content\/uploads\/2022\/05\/Licence-CC-768x268.jpg 768w, https:\/\/cooperer.coop\/wp-content\/uploads\/2022\/05\/Licence-CC-1200x419.jpg 1200w, https:\/\/cooperer.coop\/wp-content\/uploads\/2022\/05\/Licence-CC-600x210.jpg 600w, https:\/\/cooperer.coop\/wp-content\/uploads\/2022\/05\/Licence-CC.jpg 1300w\" sizes=\"auto, (max-width: 300px) 100vw, 300px\" \/><\/figure>\n<\/div>\n<\/div>\n\n\n\n<ul class=\"wp-block-list\"><li><strong>Attribution \u2013 [BY] :<\/strong> les outils peuvent \u00eatre librement utilis\u00e9s, \u00e0 la condition de les attribuer \u00e0 Coop\u00e9rer Pour Entreprendre en citant son nom et en renvoyant sur le site internet. Cela ne signifie pas que Coop\u00e9rer Pour Entreprendre est en accord avec l\u2019utilisation qui est faite de ses outils.<\/li><li><strong>Pas d\u2019utilisation commerciale [NC] :<\/strong> Coop\u00e9rer Pour Entreprendre autorise \u00e0 reproduire, diffuser, et \u00e0 modifier les outils, tant que l\u2019utilisation n\u2019est pas commerciale.<\/li><li><strong>Partage dans les m\u00eames conditions [SA] :<\/strong> les outils modifi\u00e9s d\u00e9riv\u00e9s doivent \u00eatre propos\u00e9s au public avec les m\u00eames libert\u00e9s que l\u2019\u0153uvre originale (sous les m\u00eames options Creative Commons).<\/li><\/ul>\n<\/div><\/div>\n<\/div><\/div><\/div>\n\n\n\n<iframe loading=\"lazy\" src=\"https:\/\/a0a904c1.sibforms.com\/serve\/MUIEAJRHzWs-7LDWCZQXg_ohH7Bs0bF_V_7YAWHPWyT1GtZXPE8dPb0JUGhBIRL3VP6wDhq7jn3xKvLTRGf6hmxQ6bNPs6-m_2EzwFpmTL8jQ9XzmmF3ruiLtFqTVwgX8kVxnHU9F3McvKOXz9ugZ_QlfyTucVZKfcz881uFdxphVsmSJta9EwJZKB1NLW2ZFfBPa1YG1rxbkWC5\" scrolling=\"auto\" allowfullscreen=\"\" style=\"display: block;margin-left: auto;margin-right: auto;max-width: 100%;\" width=\"540\" height=\"305\" frameborder=\"0\"><\/iframe>\n","protected":false},"excerpt":{"rendered":"<p>Les outils de la d\u00e9marche CAE-IMPACT Le questionnaire aux entrepreneur.es La matrice co\u00fbt-b\u00e9n\u00e9fice (excel) Le graph radar individuel (excel) Le graphe radar progression (excel) Le radar impact complet Le radar impact un par un Le mod\u00e8le de rapport individuel Des outils sous licence Creative Commons Attribution \u2013 [BY] : les outils peuvent \u00eatre librement utilis\u00e9s, [&hellip;]<\/p>\n","protected":false},"author":2,"featured_media":0,"parent":0,"menu_order":0,"comment_status":"closed","ping_status":"closed","template":"","meta":{"footnotes":""},"class_list":["post-1598","page","type-page","status-publish","hentry"],"_links":{"self":[{"href":"https:\/\/cooperer.coop\/index.php?rest_route=\/wp\/v2\/pages\/1598","targetHints":{"allow":["GET"]}}],"collection":[{"href":"https:\/\/cooperer.coop\/index.php?rest_route=\/wp\/v2\/pages"}],"about":[{"href":"https:\/\/cooperer.coop\/index.php?rest_route=\/wp\/v2\/types\/page"}],"author":[{"embeddable":true,"href":"https:\/\/cooperer.coop\/index.php?rest_route=\/wp\/v2\/users\/2"}],"replies":[{"embeddable":true,"href":"https:\/\/cooperer.coop\/index.php?rest_route=%2Fwp%2Fv2%2Fcomments&post=1598"}],"version-history":[{"count":26,"href":"https:\/\/cooperer.coop\/index.php?rest_route=\/wp\/v2\/pages\/1598\/revisions"}],"predecessor-version":[{"id":2635,"href":"https:\/\/cooperer.coop\/index.php?rest_route=\/wp\/v2\/pages\/1598\/revisions\/2635"}],"wp:attachment":[{"href":"https:\/\/cooperer.coop\/index.php?rest_route=%2Fwp%2Fv2%2Fmedia&parent=1598"}],"curies":[{"name":"wp","href":"https:\/\/api.w.org\/{rel}","templated":true}]}}