{"id":1629,"date":"2022-06-21T14:44:59","date_gmt":"2022-06-21T12:44:59","guid":{"rendered":"https:\/\/cooperer.coop\/?page_id=1629"},"modified":"2022-09-19T11:28:42","modified_gmt":"2022-09-19T09:28:42","slug":"cooperativesjeunessedeservices","status":"publish","type":"page","link":"https:\/\/cooperer.coop\/?page_id=1629","title":{"rendered":""},"content":{"rendered":"\n<p><\/p>\n\n\n<style>#kt-layout-id_4284f6-84{margin-top:0px;}#kt-layout-id_4284f6-84 > .kt-row-column-wrap{align-content:start;}:where(#kt-layout-id_4284f6-84 > .kt-row-column-wrap) > .wp-block-kadence-column{justify-content:start;}#kt-layout-id_4284f6-84 > .kt-row-column-wrap{column-gap:var(--global-kb-gap-md, 2rem);row-gap:var(--global-kb-gap-md, 2rem);padding-top:var( --global-kb-row-default-top, 25px );padding-bottom:var( --global-kb-row-default-bottom, 25px );padding-top:0%;padding-bottom:0%;padding-left:0%;padding-right:8%;grid-template-columns:minmax(0, calc(55% - ((var(--global-kb-gap-md, 2rem) * 1 )\/2)))minmax(0, calc(45% - ((var(--global-kb-gap-md, 2rem) * 1 )\/2)));}#kt-layout-id_4284f6-84 > .kt-row-layout-overlay{opacity:0.30;}@media all and (max-width: 1024px){#kt-layout-id_4284f6-84 > .kt-row-column-wrap{grid-template-columns:repeat(2, minmax(0, 1fr));}}@media all and (max-width: 767px){#kt-layout-id_4284f6-84 > .kt-row-column-wrap{grid-template-columns:minmax(0, 1fr);}}#kt-layout-id_4284f6-84 {margin-top:-40px !important;}<\/style>\n<div class=\"wp-block-kadence-rowlayout alignfull top-40\"><div id=\"kt-layout-id_4284f6-84\" class=\"kt-row-layout-inner kt-layout-id_4284f6-84\"><div class=\"kt-row-column-wrap kt-has-2-columns kt-gutter-default kt-v-gutter-default kt-row-valign-top kt-row-layout-equal kt-tab-layout-inherit kt-m-colapse-left-to-right kt-mobile-layout-row  kt-custom-first-width-55  kt-custom-second-width-45\"><style>.kadence-column_0fcef7-c3 > .kt-inside-inner-col{min-height:500px;border-top-width:0px;border-right-width:0px;border-bottom-width:0px;border-left-width:0px;}.kadence-column_0fcef7-c3 > .kt-inside-inner-col,.kadence-column_0fcef7-c3 > .kt-inside-inner-col:before{border-top-left-radius:0px;border-top-right-radius:0px;border-bottom-right-radius:0px;border-bottom-left-radius:0px;}.kadence-column_0fcef7-c3 > .kt-inside-inner-col{column-gap:var(--global-kb-gap-sm, 1rem);}.kadence-column_0fcef7-c3 > .kt-inside-inner-col{flex-direction:column;}.kadence-column_0fcef7-c3 > .kt-inside-inner-col > .aligncenter{width:100%;}.kadence-column_0fcef7-c3 > .kt-inside-inner-col{background-image:url('https:\/\/cooperer.coop\/wp-content\/uploads\/2022\/06\/cjs-groupe-e1593701208429.jpg');background-size:cover;background-position:69% 27%;background-attachment:scroll;background-repeat:no-repeat;}.kadence-column_0fcef7-c3 > .kt-inside-inner-col:before{opacity:0.3;}.kadence-column_0fcef7-c3{position:relative;}@media all and (max-width: 1024px){.kadence-column_0fcef7-c3 > .kt-inside-inner-col{flex-direction:column;}}@media all and (max-width: 767px){.kadence-column_0fcef7-c3 > .kt-inside-inner-col{flex-direction:column;}}<\/style>\n<div class=\"wp-block-kadence-column inner-column-1 kadence-column_0fcef7-c3\"><div class=\"kt-inside-inner-col\"><\/div><\/div>\n\n\n<style>.kadence-column_f7eaa7-99 > .kt-inside-inner-col{border-top-width:0px;border-right-width:0px;border-bottom-width:0px;border-left-width:0px;}.kadence-column_f7eaa7-99 > .kt-inside-inner-col,.kadence-column_f7eaa7-99 > .kt-inside-inner-col:before{border-top-left-radius:0px;border-top-right-radius:0px;border-bottom-right-radius:0px;border-bottom-left-radius:0px;}.kadence-column_f7eaa7-99 > .kt-inside-inner-col{column-gap:var(--global-kb-gap-sm, 1rem);}.kadence-column_f7eaa7-99 > .kt-inside-inner-col{flex-direction:column;}.kadence-column_f7eaa7-99 > .kt-inside-inner-col > .aligncenter{width:100%;}.kadence-column_f7eaa7-99 > .kt-inside-inner-col:before{opacity:0.3;}.kadence-column_f7eaa7-99{position:relative;}.wp-block-kadence-column.kadence-column_f7eaa7-99 > .kt-inside-inner-col{margin-top:20px;}@media all and (max-width: 1024px){.kadence-column_f7eaa7-99 > .kt-inside-inner-col{flex-direction:column;}}@media all and (max-width: 767px){.kadence-column_f7eaa7-99 > .kt-inside-inner-col{flex-direction:column;}}.kadence-column_f7eaa7-99 {}<\/style>\n<div class=\"wp-block-kadence-column inner-column-2 kadence-column_f7eaa7-99\"><div class=\"kt-inside-inner-col\"><style>.wp-block-kadence-advancedheading.kt-adv-heading_9044c9-dc, .wp-block-kadence-advancedheading.kt-adv-heading_9044c9-dc[data-kb-block=\"kb-adv-heading_9044c9-dc\"]{margin-bottom:20px;font-size:3.4rem;font-style:normal;}.wp-block-kadence-advancedheading.kt-adv-heading_9044c9-dc mark.kt-highlight, .wp-block-kadence-advancedheading.kt-adv-heading_9044c9-dc[data-kb-block=\"kb-adv-heading_9044c9-dc\"] mark.kt-highlight{font-style:normal;color:#f76a0c;padding-top:0px;padding-right:0px;padding-bottom:0px;padding-left:0px;}<\/style>\n<h1 class=\"kt-adv-heading_9044c9-dc wp-block-kadence-advancedheading\" data-kb-block=\"kb-adv-heading_9044c9-dc\">Coop\u00e9ratives Jeunesse de Services (CJS)<\/h1>\n\n\n\n<p>Les CJS sont des projets d\u2019\u00e9ducation \u00e0 l\u2019entrepreneuriat coop\u00e9ratif pour les jeunes de 16 \u00e0 18 ans. <\/p>\n\n\n\n<p>Ils cr\u00e9ent leur propre entreprise coop\u00e9rative et la font vivre le temps d\u2019un \u00e9t\u00e9. Accompagn\u00e9s de 2 animateurs et soutenus par de nombreux acteurs du territoire, les coop\u00e9rants d\u00e9finissent ensemble diff\u00e9rents services qu\u2019ils proposent aux habitants et aux entreprises environnantes.<\/p>\n\n\n\n<p>Au sein de ces projets, les jeunes s\u2019initient au fonctionnement d\u2019une entreprise d\u00e9mocratique, d\u00e9veloppent leur esprit d\u2019initiative et prennent conscience de leurs capacit\u00e9s d\u2019agir.<\/p>\n<\/div><\/div>\n<\/div><\/div><\/div>\n\n\n<style>#kt-layout-id_a88d79-0c > .kt-row-column-wrap{align-content:start;}:where(#kt-layout-id_a88d79-0c > .kt-row-column-wrap) > .wp-block-kadence-column{justify-content:start;}#kt-layout-id_a88d79-0c > .kt-row-column-wrap{column-gap:var(--global-kb-gap-md, 2rem);row-gap:var(--global-kb-gap-md, 2rem);max-width:1160px;margin-left:auto;margin-right:auto;padding-top:var( --global-kb-row-default-top, 25px );padding-bottom:var( --global-kb-row-default-bottom, 25px );padding-top:50px;grid-template-columns:minmax(0, 1fr);}#kt-layout-id_a88d79-0c > .kt-row-layout-overlay{opacity:0.30;}@media all and (max-width: 1024px){#kt-layout-id_a88d79-0c > .kt-row-column-wrap{grid-template-columns:minmax(0, 1fr);}}@media all and (max-width: 767px){#kt-layout-id_a88d79-0c > .kt-row-column-wrap{grid-template-columns:minmax(0, 1fr);}}#kt-layout-id_a88d79-0c {padding-top:25px !important;}<\/style>\n<div class=\"wp-block-kadence-rowlayout alignfull\"><div id=\"kt-layout-id_a88d79-0c\" class=\"kt-row-layout-inner kt-row-has-bg kt-layout-id_a88d79-0c has-kb-palette-2-background-color\"><div class=\"kt-row-column-wrap kt-has-1-columns kt-gutter-default kt-v-gutter-default kt-row-valign-top kt-row-layout-equal kt-tab-layout-inherit kt-m-colapse-left-to-right kt-mobile-layout-row\"><style>.kadence-column_28f59a-ea > .kt-inside-inner-col{border-top-width:0px;border-right-width:0px;border-bottom-width:0px;border-left-width:0px;}.kadence-column_28f59a-ea > .kt-inside-inner-col,.kadence-column_28f59a-ea > .kt-inside-inner-col:before{border-top-left-radius:0px;border-top-right-radius:0px;border-bottom-right-radius:0px;border-bottom-left-radius:0px;}.kadence-column_28f59a-ea > .kt-inside-inner-col{column-gap:var(--global-kb-gap-sm, 1rem);}.kadence-column_28f59a-ea > .kt-inside-inner-col{flex-direction:column;}.kadence-column_28f59a-ea > .kt-inside-inner-col > .aligncenter{width:100%;}.kadence-column_28f59a-ea > .kt-inside-inner-col:before{opacity:0.3;}.kadence-column_28f59a-ea{position:relative;}@media all and (max-width: 1024px){.kadence-column_28f59a-ea > .kt-inside-inner-col{flex-direction:column;}}@media all and (max-width: 767px){.kadence-column_28f59a-ea > .kt-inside-inner-col{flex-direction:column;}}<\/style>\n<div class=\"wp-block-kadence-column inner-column-1 kadence-column_28f59a-ea\"><div class=\"kt-inside-inner-col\"><style>#kt-layout-id_9e22fe-60 > .kt-row-column-wrap{align-content:start;}:where(#kt-layout-id_9e22fe-60 > .kt-row-column-wrap) > .wp-block-kadence-column{justify-content:start;}#kt-layout-id_9e22fe-60 > .kt-row-column-wrap{column-gap:var(--global-kb-gap-md, 2rem);row-gap:var(--global-kb-gap-md, 2rem);padding-top:var( --global-kb-row-default-top, 25px );padding-bottom:var( --global-kb-row-default-bottom, 25px );padding-top:0px;grid-template-columns:minmax(0, calc(20% - ((var(--global-kb-gap-md, 2rem) * 1 )\/2)))minmax(0, calc(80% - ((var(--global-kb-gap-md, 2rem) * 1 )\/2)));}#kt-layout-id_9e22fe-60 > .kt-row-layout-overlay{opacity:0.30;}@media all and (max-width: 1024px){#kt-layout-id_9e22fe-60 > .kt-row-column-wrap{grid-template-columns:repeat(2, minmax(0, 1fr));}}@media all and (max-width: 767px){#kt-layout-id_9e22fe-60 > .kt-row-column-wrap{grid-template-columns:minmax(0, 1fr);}}<\/style>\n<div class=\"wp-block-kadence-rowlayout alignnone\"><div id=\"kt-layout-id_9e22fe-60\" class=\"kt-row-layout-inner kt-layout-id_9e22fe-60\"><div class=\"kt-row-column-wrap kt-has-2-columns kt-gutter-default kt-v-gutter-default kt-row-valign-top kt-row-layout-equal kt-tab-layout-inherit kt-m-colapse-left-to-right kt-mobile-layout-row  kt-custom-first-width-20  kt-custom-second-width-80\"><style>.kadence-column_ba037e-ce > .kt-inside-inner-col{border-top-width:0px;border-right-width:0px;border-bottom-width:0px;border-left-width:0px;}.kadence-column_ba037e-ce > .kt-inside-inner-col,.kadence-column_ba037e-ce > .kt-inside-inner-col:before{border-top-left-radius:0px;border-top-right-radius:0px;border-bottom-right-radius:0px;border-bottom-left-radius:0px;}.kadence-column_ba037e-ce > .kt-inside-inner-col{column-gap:var(--global-kb-gap-sm, 1rem);}.kadence-column_ba037e-ce > .kt-inside-inner-col{flex-direction:column;}.kadence-column_ba037e-ce > .kt-inside-inner-col > .aligncenter{width:100%;}.kadence-column_ba037e-ce > .kt-inside-inner-col:before{opacity:0.3;}.kadence-column_ba037e-ce{position:relative;}@media all and (max-width: 1024px){.kadence-column_ba037e-ce > .kt-inside-inner-col{flex-direction:column;}}@media all and (max-width: 767px){.kadence-column_ba037e-ce > .kt-inside-inner-col{flex-direction:column;}}<\/style>\n<div class=\"wp-block-kadence-column inner-column-1 kadence-column_ba037e-ce\"><div class=\"kt-inside-inner-col\">\n<div style=\"height:20px\" aria-hidden=\"true\" class=\"wp-block-spacer\"><\/div>\n\n\n<style>.kb-image_c9d24f-b0 .kb-image-has-overlay:after{opacity:0.3;}<\/style>\n<figure class=\"wp-block-kadence-image kb-image_c9d24f-b0 size-full\"><img loading=\"lazy\" decoding=\"async\" width=\"550\" height=\"299\" src=\"https:\/\/cooperer.coop\/wp-content\/uploads\/2022\/06\/CJS-550x299-1.png\" alt=\"\" class=\"kb-img wp-image-1637\" srcset=\"https:\/\/cooperer.coop\/wp-content\/uploads\/2022\/06\/CJS-550x299-1.png 550w, https:\/\/cooperer.coop\/wp-content\/uploads\/2022\/06\/CJS-550x299-1-300x163.png 300w\" sizes=\"auto, (max-width: 550px) 100vw, 550px\" \/><\/figure>\n<\/div><\/div>\n\n\n<style>.kadence-column_ce39d2-7d > .kt-inside-inner-col{border-top-width:0px;border-right-width:0px;border-bottom-width:0px;border-left-width:0px;}.kadence-column_ce39d2-7d > .kt-inside-inner-col,.kadence-column_ce39d2-7d > .kt-inside-inner-col:before{border-top-left-radius:0px;border-top-right-radius:0px;border-bottom-right-radius:0px;border-bottom-left-radius:0px;}.kadence-column_ce39d2-7d > .kt-inside-inner-col{column-gap:var(--global-kb-gap-sm, 1rem);}.kadence-column_ce39d2-7d > .kt-inside-inner-col{flex-direction:column;}.kadence-column_ce39d2-7d > .kt-inside-inner-col > .aligncenter{width:100%;}.kadence-column_ce39d2-7d > .kt-inside-inner-col:before{opacity:0.3;}.kadence-column_ce39d2-7d{position:relative;}@media all and (max-width: 1024px){.kadence-column_ce39d2-7d > .kt-inside-inner-col{flex-direction:column;}}@media all and (max-width: 767px){.kadence-column_ce39d2-7d > .kt-inside-inner-col{flex-direction:column;}}<\/style>\n<div class=\"wp-block-kadence-column inner-column-2 kadence-column_ce39d2-7d\"><div class=\"kt-inside-inner-col\"><style>.wp-block-kadence-advancedheading.kt-adv-heading_9d835f-a3, .wp-block-kadence-advancedheading.kt-adv-heading_9d835f-a3[data-kb-block=\"kb-adv-heading_9d835f-a3\"]{font-size:25px;font-style:normal;}.wp-block-kadence-advancedheading.kt-adv-heading_9d835f-a3 mark.kt-highlight, .wp-block-kadence-advancedheading.kt-adv-heading_9d835f-a3[data-kb-block=\"kb-adv-heading_9d835f-a3\"] mark.kt-highlight{font-style:normal;color:#f76a0c;padding-top:0px;padding-right:0px;padding-bottom:0px;padding-left:0px;}<\/style>\n<h3 class=\"kt-adv-heading_9d835f-a3 wp-block-kadence-advancedheading\" data-kb-block=\"kb-adv-heading_9d835f-a3\"><strong><strong><strong>La Fabrique coop\u00e9rative<\/strong><\/strong><\/strong><\/h3>\n\n\n\n<p>Entre 2014 et 2018, Coop\u00e9rer pour Entreprendre assure le pilotage et le d\u00e9veloppement du projet CJS, en s\u2019appuyant notamment sur une \u00e9quipe nationale d\u00e9di\u00e9e au projet, ainsi que des relais r\u00e9gionaux au sein de structures r\u00e9gionales de l\u2019ESS.<\/p>\n\n\n\n<p>Le projet CJS a \u00e9t\u00e9 confi\u00e9 \u00e0 une structure d\u00e9di\u00e9e, La Fabrique coop\u00e9rative, qui porte depuis les CJS, ainsi que des coop\u00e9ratives \u00e9ph\u00e9m\u00e8res.<\/p>\n\n\n\n<p><a href=\"https:\/\/lafabriquecooperative.fr\/\" target=\"_blank\" rel=\"noreferrer noopener\">D\u00e9couvrir le site de la Fabrique coop\u00e9rative<\/a><\/p>\n<\/div><\/div>\n<\/div><\/div><\/div>\n<\/div><\/div>\n<\/div><\/div><\/div>\n","protected":false},"excerpt":{"rendered":"<p>Coop\u00e9ratives Jeunesse de Services (CJS) Les CJS sont des projets d\u2019\u00e9ducation \u00e0 l\u2019entrepreneuriat coop\u00e9ratif pour les jeunes de 16 \u00e0 18 ans. Ils cr\u00e9ent leur propre entreprise coop\u00e9rative et la font vivre le temps d\u2019un \u00e9t\u00e9. Accompagn\u00e9s de 2 animateurs et soutenus par de nombreux acteurs du territoire, les coop\u00e9rants d\u00e9finissent ensemble diff\u00e9rents services qu\u2019ils [&hellip;]<\/p>\n","protected":false},"author":2,"featured_media":0,"parent":100,"menu_order":0,"comment_status":"closed","ping_status":"closed","template":"","meta":{"footnotes":""},"class_list":["post-1629","page","type-page","status-publish","hentry"],"_links":{"self":[{"href":"https:\/\/cooperer.coop\/index.php?rest_route=\/wp\/v2\/pages\/1629","targetHints":{"allow":["GET"]}}],"collection":[{"href":"https:\/\/cooperer.coop\/index.php?rest_route=\/wp\/v2\/pages"}],"about":[{"href":"https:\/\/cooperer.coop\/index.php?rest_route=\/wp\/v2\/types\/page"}],"author":[{"embeddable":true,"href":"https:\/\/cooperer.coop\/index.php?rest_route=\/wp\/v2\/users\/2"}],"replies":[{"embeddable":true,"href":"https:\/\/cooperer.coop\/index.php?rest_route=%2Fwp%2Fv2%2Fcomments&post=1629"}],"version-history":[{"count":15,"href":"https:\/\/cooperer.coop\/index.php?rest_route=\/wp\/v2\/pages\/1629\/revisions"}],"predecessor-version":[{"id":2406,"href":"https:\/\/cooperer.coop\/index.php?rest_route=\/wp\/v2\/pages\/1629\/revisions\/2406"}],"up":[{"embeddable":true,"href":"https:\/\/cooperer.coop\/index.php?rest_route=\/wp\/v2\/pages\/100"}],"wp:attachment":[{"href":"https:\/\/cooperer.coop\/index.php?rest_route=%2Fwp%2Fv2%2Fmedia&parent=1629"}],"curies":[{"name":"wp","href":"https:\/\/api.w.org\/{rel}","templated":true}]}}