{"id":1806,"date":"2022-06-22T17:49:04","date_gmt":"2022-06-22T15:49:04","guid":{"rendered":"https:\/\/cooperer.coop\/?page_id=1806"},"modified":"2022-12-29T09:26:48","modified_gmt":"2022-12-29T08:26:48","slug":"profession-accompagnement","status":"publish","type":"page","link":"https:\/\/cooperer.coop\/?page_id=1806","title":{"rendered":"Profession accompagnement"},"content":{"rendered":"<style>#kt-layout-id_3d5312-98 > .kt-row-column-wrap{align-content:start;}:where(#kt-layout-id_3d5312-98 > .kt-row-column-wrap) > .wp-block-kadence-column{justify-content:start;}#kt-layout-id_3d5312-98 > .kt-row-column-wrap{column-gap:var(--global-kb-gap-md, 2rem);row-gap:var(--global-kb-gap-md, 2rem);max-width:1280px;margin-left:auto;margin-right:auto;padding-top:var( --global-kb-row-default-top, 25px );padding-bottom:var( --global-kb-row-default-bottom, 25px );padding-top:var(--global-kb-spacing-sm, 1.5rem);padding-bottom:var(--global-kb-spacing-sm, 1.5rem);grid-template-columns:repeat(3, minmax(0, 1fr));}#kt-layout-id_3d5312-98 > .kt-row-layout-overlay{opacity:0.30;}@media all and (max-width: 1024px){#kt-layout-id_3d5312-98 > .kt-row-column-wrap{grid-template-columns:repeat(3, minmax(0, 1fr));}}@media all and (max-width: 767px){#kt-layout-id_3d5312-98 > .kt-row-column-wrap{grid-template-columns:minmax(0, 1fr);}}<\/style>\n<div class=\"wp-block-kadence-rowlayout alignfull\"><div id=\"kt-layout-id_3d5312-98\" class=\"kt-row-layout-inner kt-layout-id_3d5312-98\"><div class=\"kt-row-column-wrap kt-has-3-columns kt-gutter-default kt-v-gutter-default kt-row-valign-top kt-row-layout-equal kt-tab-layout-inherit kt-m-colapse-left-to-right kt-mobile-layout-row\"><style>.kadence-column_f0d7b5-b2 > .kt-inside-inner-col{border-top-width:0px;border-right-width:0px;border-bottom-width:0px;border-left-width:0px;}.kadence-column_f0d7b5-b2 > .kt-inside-inner-col,.kadence-column_f0d7b5-b2 > .kt-inside-inner-col:before{border-top-left-radius:0px;border-top-right-radius:0px;border-bottom-right-radius:0px;border-bottom-left-radius:0px;}.kadence-column_f0d7b5-b2 > .kt-inside-inner-col{column-gap:var(--global-kb-gap-sm, 1rem);}.kadence-column_f0d7b5-b2 > .kt-inside-inner-col{flex-direction:column;}.kadence-column_f0d7b5-b2 > .kt-inside-inner-col > .aligncenter{width:100%;}.kadence-column_f0d7b5-b2 > .kt-inside-inner-col:before{opacity:0.3;}.kadence-column_f0d7b5-b2{position:relative;}@media all and (max-width: 1024px){.kadence-column_f0d7b5-b2 > .kt-inside-inner-col{flex-direction:column;}}@media all and (max-width: 767px){.kadence-column_f0d7b5-b2 > .kt-inside-inner-col{flex-direction:column;}}<\/style>\n<div class=\"wp-block-kadence-column inner-column-1 kadence-column_f0d7b5-b2\"><div class=\"kt-inside-inner-col\"><style>.wp-block-kadence-advancedheading.kt-adv-heading_0eae32-27, .wp-block-kadence-advancedheading.kt-adv-heading_0eae32-27[data-kb-block=\"kb-adv-heading_0eae32-27\"]{text-align:center;font-size:24px;font-style:normal;}.wp-block-kadence-advancedheading.kt-adv-heading_0eae32-27 mark.kt-highlight, .wp-block-kadence-advancedheading.kt-adv-heading_0eae32-27[data-kb-block=\"kb-adv-heading_0eae32-27\"] mark.kt-highlight{font-style:normal;color:#f76a0c;padding-top:0px;padding-right:0px;padding-bottom:0px;padding-left:0px;}<\/style>\n<h2 class=\"kt-adv-heading_0eae32-27 wp-block-kadence-advancedheading\" data-kb-block=\"kb-adv-heading_0eae32-27\"><strong>S\u00e9minaire Profession Accompagnement<\/strong><\/h2>\n\n\n\n<div style=\"height:30px\" aria-hidden=\"true\" class=\"wp-block-spacer\"><\/div>\n\n\n<style>.kb-image_3568e5-94 .kb-image-has-overlay:after{opacity:0.3;}<\/style>\n<figure class=\"wp-block-kadence-image kb-image_3568e5-94 size-large\"><a href=\"https:\/\/cooperer.coop\/services\/services-specifiques-aux-cae\/seminaire-profession-accompagnement\/\" class=\"kb-advanced-image-link\" target=\"_blank\" rel=\"noopener noreferrer\"><img loading=\"lazy\" decoding=\"async\" width=\"1024\" height=\"637\" src=\"https:\/\/cooperer.coop\/wp-content\/uploads\/2022\/09\/banc-de-poisson-1024x637.jpg\" alt=\"\" class=\"kb-img wp-image-2304\" srcset=\"https:\/\/cooperer.coop\/wp-content\/uploads\/2022\/09\/banc-de-poisson-1024x637.jpg 1024w, https:\/\/cooperer.coop\/wp-content\/uploads\/2022\/09\/banc-de-poisson-300x187.jpg 300w, https:\/\/cooperer.coop\/wp-content\/uploads\/2022\/09\/banc-de-poisson-768x478.jpg 768w, https:\/\/cooperer.coop\/wp-content\/uploads\/2022\/09\/banc-de-poisson-1536x955.jpg 1536w, https:\/\/cooperer.coop\/wp-content\/uploads\/2022\/09\/banc-de-poisson-2048x1274.jpg 2048w, https:\/\/cooperer.coop\/wp-content\/uploads\/2022\/09\/banc-de-poisson-1200x746.jpg 1200w, https:\/\/cooperer.coop\/wp-content\/uploads\/2022\/09\/banc-de-poisson-1980x1231.jpg 1980w, https:\/\/cooperer.coop\/wp-content\/uploads\/2022\/09\/banc-de-poisson-600x373.jpg 600w\" sizes=\"auto, (max-width: 1024px) 100vw, 1024px\" \/><\/a><\/figure>\n\n\n<style>.wp-block-kadence-advancedheading.kt-adv-heading_3ad533-f8, .wp-block-kadence-advancedheading.kt-adv-heading_3ad533-f8[data-kb-block=\"kb-adv-heading_3ad533-f8\"]{font-style:normal;}.wp-block-kadence-advancedheading.kt-adv-heading_3ad533-f8 mark.kt-highlight, .wp-block-kadence-advancedheading.kt-adv-heading_3ad533-f8[data-kb-block=\"kb-adv-heading_3ad533-f8\"] mark.kt-highlight{font-style:normal;color:#f76a0c;padding-top:0px;padding-right:0px;padding-bottom:0px;padding-left:0px;}<\/style>\n<p class=\"kt-adv-heading_3ad533-f8 wp-block-kadence-advancedheading has-primary-color has-text-color\" data-kb-block=\"kb-adv-heading_3ad533-f8\">Malgr\u00e9 de grands communs qui structurent le parcours des entrepreneurs en coop\u00e9rative d\u2019activit\u00e9 et d\u2019emploi (r\u00e9union d\u2019information collective, rendez-vous individuel, signature du CAPE, signature du CESA, candidature au soci\u00e9tariat), une grande diversit\u00e9 de parcours existe au sein des CAE.<\/p>\n\n\n\n<div style=\"height:15px\" aria-hidden=\"true\" class=\"wp-block-spacer\"><\/div>\n\n\n<style>.wp-block-kadence-advancedbtn.kt-btns_c215c4-52, .site .entry-content .wp-block-kadence-advancedbtn.kt-btns_c215c4-52, .wp-block-kadence-advancedbtn.kb-btns_c215c4-52, .site .entry-content .wp-block-kadence-advancedbtn.kb-btns_c215c4-52{margin-top:20px;}.wp-block-kadence-advancedbtn.kb-btns_c215c4-52{gap:var(--global-kb-gap-xs, 0.5rem );justify-content:flex-start;align-items:center;}.kt-btns_c215c4-52 .kt-button{font-weight:normal;font-style:normal;text-transform:lowercase;}.kt-btns_c215c4-52 .kt-btn-wrap-0{margin-right:5px;}.wp-block-kadence-advancedbtn.kt-btns_c215c4-52 .kt-btn-wrap-0 .kt-button{color:#104f5e;font-size:0.8em;background:#fff;border-color:#104f5e;}.wp-block-kadence-advancedbtn.kt-btns_c215c4-52 .kt-btn-wrap-0 .kt-button:hover, .wp-block-kadence-advancedbtn.kt-btns_c215c4-52 .kt-btn-wrap-0 .kt-button:focus{color:#fff;border-color:#104f5e;}.wp-block-kadence-advancedbtn.kt-btns_c215c4-52 .kt-btn-wrap-0 .kt-button::before{display:none;}.wp-block-kadence-advancedbtn.kt-btns_c215c4-52 .kt-btn-wrap-0 .kt-button:hover, .wp-block-kadence-advancedbtn.kt-btns_c215c4-52 .kt-btn-wrap-0 .kt-button:focus{background:#104f5e;}<\/style>\n<div class=\"wp-block-kadence-advancedbtn kt-btn-align-left kt-btn-tablet-align-inherit kt-btn-mobile-align-inherit kt-btns-wrap kt-btns_c215c4-52 kt-force-btn-fullwidth\"><div class=\"kt-btn-wrap kt-btn-wrap-0\"><a class=\"kt-button button kt-btn-0-action kt-btn-size-large kt-btn-style-basic kt-btn-svg-show-always kt-btn-has-text-true kt-btn-has-svg-false\" href=\"https:\/\/cooperer.coop\/?page_id=76\" target=\"_blank\" rel=\"noreferrer noopener\" style=\"border-radius:11px\"><span class=\"kt-btn-inner-text\">en savoir plus<\/span><\/a><\/div><\/div>\n<\/div><\/div>\n\n\n<style>.kadence-column_c84e65-99 > .kt-inside-inner-col{border-top-width:0px;border-right-width:0px;border-bottom-width:0px;border-left-width:0px;}.kadence-column_c84e65-99 > .kt-inside-inner-col,.kadence-column_c84e65-99 > .kt-inside-inner-col:before{border-top-left-radius:0px;border-top-right-radius:0px;border-bottom-right-radius:0px;border-bottom-left-radius:0px;}.kadence-column_c84e65-99 > .kt-inside-inner-col{column-gap:var(--global-kb-gap-sm, 1rem);}.kadence-column_c84e65-99 > .kt-inside-inner-col{flex-direction:column;}.kadence-column_c84e65-99 > .kt-inside-inner-col > .aligncenter{width:100%;}.kadence-column_c84e65-99 > .kt-inside-inner-col:before{opacity:0.3;}.kadence-column_c84e65-99{position:relative;}@media all and (max-width: 1024px){.kadence-column_c84e65-99 > .kt-inside-inner-col{flex-direction:column;}}@media all and (max-width: 767px){.kadence-column_c84e65-99 > .kt-inside-inner-col{flex-direction:column;}}<\/style>\n<div class=\"wp-block-kadence-column inner-column-2 kadence-column_c84e65-99\"><div class=\"kt-inside-inner-col\"><style>.wp-block-kadence-advancedheading.kt-adv-heading_dc79ce-51, .wp-block-kadence-advancedheading.kt-adv-heading_dc79ce-51[data-kb-block=\"kb-adv-heading_dc79ce-51\"]{text-align:center;font-size:24px;font-style:normal;}.wp-block-kadence-advancedheading.kt-adv-heading_dc79ce-51 mark.kt-highlight, .wp-block-kadence-advancedheading.kt-adv-heading_dc79ce-51[data-kb-block=\"kb-adv-heading_dc79ce-51\"] mark.kt-highlight{font-style:normal;color:#f76a0c;padding-top:0px;padding-right:0px;padding-bottom:0px;padding-left:0px;}<\/style>\n<h2 class=\"kt-adv-heading_dc79ce-51 wp-block-kadence-advancedheading\" data-kb-block=\"kb-adv-heading_dc79ce-51\"><strong>L&#8217;Action de Formation en Situation de Travail<\/strong><\/h2>\n\n\n\n<div style=\"height:30px\" aria-hidden=\"true\" class=\"wp-block-spacer\"><\/div>\n\n\n<style>.kb-image_e0175b-53 .kb-image-has-overlay:after{opacity:0.3;}<\/style>\n<figure class=\"wp-block-kadence-image kb-image_e0175b-53 kb-image-is-ratio-size\"><a href=\"https:\/\/cooperer.coop\/profession-accompagnement\/afest-action-de-formation-en-situation-de-travail\/\" class=\"kb-advanced-image-link\" target=\"_blank\" rel=\"noopener noreferrer\"><div class=\"kb-is-ratio-image kb-image-ratio-land169\"><img loading=\"lazy\" decoding=\"async\" width=\"1930\" height=\"1157\" src=\"https:\/\/cooperer.coop\/wp-content\/uploads\/2022\/07\/Seminaire-formation-e1663162064364.jpg\" alt=\"\" class=\"kb-img wp-image-2060\" srcset=\"https:\/\/cooperer.coop\/wp-content\/uploads\/2022\/07\/Seminaire-formation-e1663162064364.jpg 1930w, https:\/\/cooperer.coop\/wp-content\/uploads\/2022\/07\/Seminaire-formation-e1663162064364-300x180.jpg 300w, https:\/\/cooperer.coop\/wp-content\/uploads\/2022\/07\/Seminaire-formation-e1663162064364-1024x614.jpg 1024w, https:\/\/cooperer.coop\/wp-content\/uploads\/2022\/07\/Seminaire-formation-e1663162064364-768x460.jpg 768w, https:\/\/cooperer.coop\/wp-content\/uploads\/2022\/07\/Seminaire-formation-e1663162064364-1536x921.jpg 1536w, https:\/\/cooperer.coop\/wp-content\/uploads\/2022\/07\/Seminaire-formation-e1663162064364-1200x719.jpg 1200w, https:\/\/cooperer.coop\/wp-content\/uploads\/2022\/07\/Seminaire-formation-e1663162064364-600x360.jpg 600w\" sizes=\"auto, (max-width: 1930px) 100vw, 1930px\" \/><\/div><\/a><\/figure>\n\n\n<style>.wp-block-kadence-advancedheading.kt-adv-heading_c8f32a-06, .wp-block-kadence-advancedheading.kt-adv-heading_c8f32a-06[data-kb-block=\"kb-adv-heading_c8f32a-06\"]{font-style:normal;}.wp-block-kadence-advancedheading.kt-adv-heading_c8f32a-06 mark.kt-highlight, .wp-block-kadence-advancedheading.kt-adv-heading_c8f32a-06[data-kb-block=\"kb-adv-heading_c8f32a-06\"] mark.kt-highlight{font-style:normal;color:#f76a0c;padding-top:0px;padding-right:0px;padding-bottom:0px;padding-left:0px;}<\/style>\n<p class=\"kt-adv-heading_c8f32a-06 wp-block-kadence-advancedheading\" data-kb-block=\"kb-adv-heading_c8f32a-06\">Dans un contexte de r\u00e9forme profonde de la formation professionnelle entam\u00e9e d\u00e8s 2016 avec le data-dock et poursuivie en 2018 avec la loi pour la libert\u00e9 de choisir son avenir professionnel, Coop\u00e9rer Pour Entreprendre anime depuis plusieurs ann\u00e9es une d\u00e9marche de structuration de la fili\u00e8re OF, pilot\u00e9e par un comit\u00e9 rassemblant une quinzaine de CAE.<\/p>\n\n\n<style>.wp-block-kadence-advancedbtn.kt-btns_b25dc7-ce, .site .entry-content .wp-block-kadence-advancedbtn.kt-btns_b25dc7-ce, .wp-block-kadence-advancedbtn.kb-btns_b25dc7-ce, .site .entry-content .wp-block-kadence-advancedbtn.kb-btns_b25dc7-ce{margin-top:20px;}.wp-block-kadence-advancedbtn.kb-btns_b25dc7-ce{gap:var(--global-kb-gap-xs, 0.5rem );justify-content:flex-start;align-items:center;}.kt-btns_b25dc7-ce .kt-button{font-weight:normal;font-style:normal;text-transform:lowercase;}.kt-btns_b25dc7-ce .kt-btn-wrap-0{margin-right:5px;}.wp-block-kadence-advancedbtn.kt-btns_b25dc7-ce .kt-btn-wrap-0 .kt-button{color:#104f5e;font-size:0.8em;background:#fff;border-color:#104f5e;}.wp-block-kadence-advancedbtn.kt-btns_b25dc7-ce .kt-btn-wrap-0 .kt-button:hover, .wp-block-kadence-advancedbtn.kt-btns_b25dc7-ce .kt-btn-wrap-0 .kt-button:focus{color:#fff;border-color:#104f5e;}.wp-block-kadence-advancedbtn.kt-btns_b25dc7-ce .kt-btn-wrap-0 .kt-button::before{display:none;}.wp-block-kadence-advancedbtn.kt-btns_b25dc7-ce .kt-btn-wrap-0 .kt-button:hover, .wp-block-kadence-advancedbtn.kt-btns_b25dc7-ce .kt-btn-wrap-0 .kt-button:focus{background:#104f5e;}<\/style>\n<div class=\"wp-block-kadence-advancedbtn kt-btn-align-left kt-btn-tablet-align-inherit kt-btn-mobile-align-inherit kt-btns-wrap kt-btns_b25dc7-ce kt-force-btn-fullwidth\"><div class=\"kt-btn-wrap kt-btn-wrap-0\"><a class=\"kt-button button kt-btn-0-action kt-btn-size-large kt-btn-style-basic kt-btn-svg-show-always kt-btn-has-text-true kt-btn-has-svg-false\" href=\"https:\/\/cooperer.coop\/?page_id=2051\" target=\"_blank\" rel=\"noreferrer noopener\" style=\"border-radius:11px\"><span class=\"kt-btn-inner-text\">en savoir plus<\/span><\/a><\/div><\/div>\n<\/div><\/div>\n\n\n<style>.kadence-column_24f208-40 > .kt-inside-inner-col{border-top-width:0px;border-right-width:0px;border-bottom-width:0px;border-left-width:0px;}.kadence-column_24f208-40 > .kt-inside-inner-col,.kadence-column_24f208-40 > .kt-inside-inner-col:before{border-top-left-radius:0px;border-top-right-radius:0px;border-bottom-right-radius:0px;border-bottom-left-radius:0px;}.kadence-column_24f208-40 > .kt-inside-inner-col{column-gap:var(--global-kb-gap-sm, 1rem);}.kadence-column_24f208-40 > .kt-inside-inner-col{flex-direction:column;}.kadence-column_24f208-40 > .kt-inside-inner-col > .aligncenter{width:100%;}.kadence-column_24f208-40 > .kt-inside-inner-col:before{opacity:0.3;}.kadence-column_24f208-40{position:relative;}@media all and (max-width: 1024px){.kadence-column_24f208-40 > .kt-inside-inner-col{flex-direction:column;}}@media all and (max-width: 767px){.kadence-column_24f208-40 > .kt-inside-inner-col{flex-direction:column;}}<\/style>\n<div class=\"wp-block-kadence-column inner-column-3 kadence-column_24f208-40\"><div class=\"kt-inside-inner-col\"><style>.wp-block-kadence-advancedheading.kt-adv-heading_2a35e5-99, .wp-block-kadence-advancedheading.kt-adv-heading_2a35e5-99[data-kb-block=\"kb-adv-heading_2a35e5-99\"]{text-align:center;font-size:24px;font-style:normal;}.wp-block-kadence-advancedheading.kt-adv-heading_2a35e5-99 mark.kt-highlight, .wp-block-kadence-advancedheading.kt-adv-heading_2a35e5-99[data-kb-block=\"kb-adv-heading_2a35e5-99\"] mark.kt-highlight{font-style:normal;color:#f76a0c;padding-top:0px;padding-right:0px;padding-bottom:0px;padding-left:0px;}<\/style>\n<h2 class=\"kt-adv-heading_2a35e5-99 wp-block-kadence-advancedheading\" data-kb-block=\"kb-adv-heading_2a35e5-99\"><strong>Entrepreneurs en situation de handicap<\/strong><\/h2>\n\n\n\n<div style=\"height:30px\" aria-hidden=\"true\" class=\"wp-block-spacer\"><\/div>\n\n\n<style>.kb-image_a70888-7a .kb-image-has-overlay:after{opacity:0.3;}<\/style>\n<figure class=\"wp-block-kadence-image kb-image_a70888-7a size-large\"><a href=\"https:\/\/cooperer.coop\/profession-accompagnement\/entrepreneurs-en-situation-de-handicap\/\" class=\"kb-advanced-image-link\" target=\"_blank\" rel=\"noopener noreferrer\"><img loading=\"lazy\" decoding=\"async\" width=\"1024\" height=\"684\" src=\"https:\/\/cooperer.coop\/wp-content\/uploads\/2022\/09\/photo-11-1024x684.jpg\" alt=\"\" class=\"kb-img wp-image-2272\" srcset=\"https:\/\/cooperer.coop\/wp-content\/uploads\/2022\/09\/photo-11-1024x684.jpg 1024w, https:\/\/cooperer.coop\/wp-content\/uploads\/2022\/09\/photo-11-300x200.jpg 300w, https:\/\/cooperer.coop\/wp-content\/uploads\/2022\/09\/photo-11-768x513.jpg 768w, https:\/\/cooperer.coop\/wp-content\/uploads\/2022\/09\/photo-11-1536x1026.jpg 1536w, https:\/\/cooperer.coop\/wp-content\/uploads\/2022\/09\/photo-11-2048x1368.jpg 2048w, https:\/\/cooperer.coop\/wp-content\/uploads\/2022\/09\/photo-11-1200x802.jpg 1200w, https:\/\/cooperer.coop\/wp-content\/uploads\/2022\/09\/photo-11-1980x1322.jpg 1980w, https:\/\/cooperer.coop\/wp-content\/uploads\/2022\/09\/photo-11-600x401.jpg 600w\" sizes=\"auto, (max-width: 1024px) 100vw, 1024px\" \/><\/a><\/figure>\n\n\n<style>.wp-block-kadence-advancedheading.kt-adv-heading_b934c9-af, .wp-block-kadence-advancedheading.kt-adv-heading_b934c9-af[data-kb-block=\"kb-adv-heading_b934c9-af\"]{font-style:normal;}.wp-block-kadence-advancedheading.kt-adv-heading_b934c9-af mark.kt-highlight, .wp-block-kadence-advancedheading.kt-adv-heading_b934c9-af[data-kb-block=\"kb-adv-heading_b934c9-af\"] mark.kt-highlight{font-style:normal;color:#f76a0c;padding-top:0px;padding-right:0px;padding-bottom:0px;padding-left:0px;}<\/style>\n<p class=\"kt-adv-heading_b934c9-af wp-block-kadence-advancedheading\" data-kb-block=\"kb-adv-heading_b934c9-af\">Depuis plusieurs ann\u00e9es, Coop\u00e9rer Pour Entreprendre s\u2019est engag\u00e9 dans une d\u00e9marche de recherche-action pour renforcer, par l\u2019entrepreneuriat collectif, l\u2019accompagnement des publics vuln\u00e9rables vers le retour \u00e0 l\u2019emploi, l\u2019entr\u00e9e en formation, ou encore la cr\u00e9ation d\u2019activit\u00e9.<\/p>\n\n\n<style>.wp-block-kadence-advancedbtn.kt-btns_17be33-67, .site .entry-content .wp-block-kadence-advancedbtn.kt-btns_17be33-67, .wp-block-kadence-advancedbtn.kb-btns_17be33-67, .site .entry-content .wp-block-kadence-advancedbtn.kb-btns_17be33-67{margin-top:20px;}.wp-block-kadence-advancedbtn.kb-btns_17be33-67{gap:var(--global-kb-gap-xs, 0.5rem );justify-content:flex-start;align-items:center;}.kt-btns_17be33-67 .kt-button{font-weight:normal;font-style:normal;text-transform:lowercase;}.kt-btns_17be33-67 .kt-btn-wrap-0{margin-right:5px;}.wp-block-kadence-advancedbtn.kt-btns_17be33-67 .kt-btn-wrap-0 .kt-button{color:#104f5e;font-size:0.8em;background:#fff;border-color:#104f5e;}.wp-block-kadence-advancedbtn.kt-btns_17be33-67 .kt-btn-wrap-0 .kt-button:hover, .wp-block-kadence-advancedbtn.kt-btns_17be33-67 .kt-btn-wrap-0 .kt-button:focus{color:#fff;border-color:#104f5e;}.wp-block-kadence-advancedbtn.kt-btns_17be33-67 .kt-btn-wrap-0 .kt-button::before{display:none;}.wp-block-kadence-advancedbtn.kt-btns_17be33-67 .kt-btn-wrap-0 .kt-button:hover, .wp-block-kadence-advancedbtn.kt-btns_17be33-67 .kt-btn-wrap-0 .kt-button:focus{background:#104f5e;}<\/style>\n<div class=\"wp-block-kadence-advancedbtn kt-btn-align-left kt-btn-tablet-align-inherit kt-btn-mobile-align-inherit kt-btns-wrap kt-btns_17be33-67 kt-force-btn-fullwidth\"><div class=\"kt-btn-wrap kt-btn-wrap-0\"><a class=\"kt-button button kt-btn-0-action kt-btn-size-large kt-btn-style-basic kt-btn-svg-show-always kt-btn-has-text-true kt-btn-has-svg-false\" href=\"https:\/\/cooperer.coop\/?page_id=2270\" target=\"_blank\" rel=\"noreferrer noopener\" style=\"border-radius:11px\"><span class=\"kt-btn-inner-text\">en savoir plus<\/span><\/a><\/div><\/div>\n<\/div><\/div>\n<\/div><\/div><\/div>\n","protected":false},"excerpt":{"rendered":"<p>S\u00e9minaire Profession Accompagnement Malgr\u00e9 de grands communs qui structurent le parcours des entrepreneurs en coop\u00e9rative d\u2019activit\u00e9 et d\u2019emploi (r\u00e9union d\u2019information collective, rendez-vous individuel, signature du CAPE, signature du CESA, candidature au soci\u00e9tariat), une grande diversit\u00e9 de parcours existe au sein des CAE. L&#8217;Action de Formation en Situation de Travail Dans un contexte de r\u00e9forme profonde [&hellip;]<\/p>\n","protected":false},"author":2,"featured_media":0,"parent":0,"menu_order":0,"comment_status":"closed","ping_status":"closed","template":"","meta":{"footnotes":""},"class_list":["post-1806","page","type-page","status-publish","hentry"],"_links":{"self":[{"href":"https:\/\/cooperer.coop\/index.php?rest_route=\/wp\/v2\/pages\/1806","targetHints":{"allow":["GET"]}}],"collection":[{"href":"https:\/\/cooperer.coop\/index.php?rest_route=\/wp\/v2\/pages"}],"about":[{"href":"https:\/\/cooperer.coop\/index.php?rest_route=\/wp\/v2\/types\/page"}],"author":[{"embeddable":true,"href":"https:\/\/cooperer.coop\/index.php?rest_route=\/wp\/v2\/users\/2"}],"replies":[{"embeddable":true,"href":"https:\/\/cooperer.coop\/index.php?rest_route=%2Fwp%2Fv2%2Fcomments&post=1806"}],"version-history":[{"count":9,"href":"https:\/\/cooperer.coop\/index.php?rest_route=\/wp\/v2\/pages\/1806\/revisions"}],"predecessor-version":[{"id":2634,"href":"https:\/\/cooperer.coop\/index.php?rest_route=\/wp\/v2\/pages\/1806\/revisions\/2634"}],"wp:attachment":[{"href":"https:\/\/cooperer.coop\/index.php?rest_route=%2Fwp%2Fv2%2Fmedia&parent=1806"}],"curies":[{"name":"wp","href":"https:\/\/api.w.org\/{rel}","templated":true}]}}