{"id":1816,"date":"2022-06-22T18:22:22","date_gmt":"2022-06-22T16:22:22","guid":{"rendered":"https:\/\/cooperer.coop\/?page_id=1816"},"modified":"2022-09-19T17:40:08","modified_gmt":"2022-09-19T15:40:08","slug":"filieres-metiers","status":"publish","type":"page","link":"https:\/\/cooperer.coop\/?page_id=1816","title":{"rendered":"Fili\u00e8res m\u00e9tiers"},"content":{"rendered":"<style>#kt-layout-id_570ec8-2f > .kt-row-column-wrap{align-content:start;}:where(#kt-layout-id_570ec8-2f > .kt-row-column-wrap) > .wp-block-kadence-column{justify-content:start;}#kt-layout-id_570ec8-2f > .kt-row-column-wrap{column-gap:var(--global-kb-gap-md, 2rem);row-gap:var(--global-kb-gap-md, 2rem);max-width:1160px;margin-left:auto;margin-right:auto;padding-top:var( --global-kb-row-default-top, 25px );padding-bottom:var( --global-kb-row-default-bottom, 25px );padding-top:var(--global-kb-spacing-sm, 1.5rem);padding-bottom:var(--global-kb-spacing-sm, 1.5rem);grid-template-columns:minmax(0, calc(55% - ((var(--global-kb-gap-md, 2rem) * 1 )\/2)))minmax(0, calc(45% - ((var(--global-kb-gap-md, 2rem) * 1 )\/2)));}#kt-layout-id_570ec8-2f > .kt-row-layout-overlay{opacity:0.30;}@media all and (max-width: 1024px){#kt-layout-id_570ec8-2f > .kt-row-column-wrap{grid-template-columns:minmax(0, 2fr) minmax(0, 1fr);}}@media all and (max-width: 767px){#kt-layout-id_570ec8-2f > .kt-row-column-wrap{grid-template-columns:minmax(0, 1fr);}}<\/style>\n<div class=\"wp-block-kadence-rowlayout alignfull\"><div id=\"kt-layout-id_570ec8-2f\" class=\"kt-row-layout-inner kt-layout-id_570ec8-2f\"><div class=\"kt-row-column-wrap kt-has-2-columns kt-gutter-default kt-v-gutter-default kt-row-valign-top kt-row-layout-left-golden kt-tab-layout-inherit kt-m-colapse-left-to-right kt-mobile-layout-row  kt-custom-first-width-55  kt-custom-second-width-45\"><style>.kadence-column_907542-48 > .kt-inside-inner-col{border-top-width:0px;border-right-width:0px;border-bottom-width:0px;border-left-width:0px;}.kadence-column_907542-48 > .kt-inside-inner-col,.kadence-column_907542-48 > .kt-inside-inner-col:before{border-top-left-radius:0px;border-top-right-radius:0px;border-bottom-right-radius:0px;border-bottom-left-radius:0px;}.kadence-column_907542-48 > .kt-inside-inner-col{column-gap:var(--global-kb-gap-sm, 1rem);}.kadence-column_907542-48 > .kt-inside-inner-col{flex-direction:column;}.kadence-column_907542-48 > .kt-inside-inner-col > .aligncenter{width:100%;}.kadence-column_907542-48 > .kt-inside-inner-col:before{opacity:0.3;}.kadence-column_907542-48{position:relative;}@media all and (max-width: 1024px){.kadence-column_907542-48 > .kt-inside-inner-col{flex-direction:column;}}@media all and (max-width: 767px){.kadence-column_907542-48 > .kt-inside-inner-col{flex-direction:column;}}<\/style>\n<div class=\"wp-block-kadence-column inner-column-1 kadence-column_907542-48\"><div class=\"kt-inside-inner-col\">\n<p>Majoritairement g\u00e9n\u00e9ralistes, les CAE sont non seulement en capacit\u00e9 d\u2019accueillir des m\u00e9tiers diff\u00e9rents, mais se saisissent des sp\u00e9cificit\u00e9s propres aux fili\u00e8res pour \u00e9tendre leur mod\u00e8le protecteur \u00e0 de nouveaux m\u00e9tiers.<\/p>\n\n\n\n<p>D\u2019autres fili\u00e8res sont en r\u00e9flexion en fonction de l\u2019\u00e9volution de notre soci\u00e9t\u00e9 et de la cr\u00e9ation de nouvelles fili\u00e8res. Cela s\u2019int\u00e8gre \u00e0 la strat\u00e9gie de d\u00e9veloppement et d\u2019innovation de Coop\u00e9rer Pour Entreprendre. A titre d\u2019exemple, une CAE Bureau d\u2019\u00e9tudes et d\u2019ing\u00e9nierie, Ameizing, a \u00e9t\u00e9 cr\u00e9\u00e9e en Bretagne en 2018.<\/p>\n\n\n\n<p>Des CAE sp\u00e9cialis\u00e9es dans les activit\u00e9s du b\u00e2timent, des services \u00e0 la personne, artistiques et culturelles ou derni\u00e8rement agri-rurales ont ainsi \u00e9t\u00e9 cr\u00e9\u00e9es sur le territoire.<\/p>\n<\/div><\/div>\n\n\n<style>.kadence-column_7b5be9-0e > .kt-inside-inner-col{min-height:300px;border-top-width:0px;border-right-width:0px;border-bottom-width:0px;border-left-width:0px;}.kadence-column_7b5be9-0e > .kt-inside-inner-col,.kadence-column_7b5be9-0e > .kt-inside-inner-col:before{border-top-left-radius:0px;border-top-right-radius:0px;border-bottom-right-radius:0px;border-bottom-left-radius:0px;}.kadence-column_7b5be9-0e > .kt-inside-inner-col{column-gap:var(--global-kb-gap-sm, 1rem);}.kadence-column_7b5be9-0e > .kt-inside-inner-col{flex-direction:column;}.kadence-column_7b5be9-0e > .kt-inside-inner-col > .aligncenter{width:100%;}.kadence-column_7b5be9-0e > .kt-inside-inner-col{background-image:url('https:\/\/cooperer.coop\/wp-content\/uploads\/2022\/06\/CAE-generalistes-cooperer-pour-entreprendre.jpg');background-size:cover;background-position:center center;background-attachment:scroll;background-repeat:no-repeat;}.kadence-column_7b5be9-0e > .kt-inside-inner-col:before{opacity:0.3;}.kadence-column_7b5be9-0e{position:relative;}@media all and (max-width: 1024px){.kadence-column_7b5be9-0e > .kt-inside-inner-col{flex-direction:column;}}@media all and (max-width: 767px){.kadence-column_7b5be9-0e > .kt-inside-inner-col{flex-direction:column;}}<\/style>\n<div class=\"wp-block-kadence-column inner-column-2 kadence-column_7b5be9-0e\"><div class=\"kt-inside-inner-col\"><\/div><\/div>\n<\/div><\/div><\/div>\n\n\n<style>#kt-layout-id_e0424e-3d > .kt-row-column-wrap{align-content:start;}:where(#kt-layout-id_e0424e-3d > .kt-row-column-wrap) > .wp-block-kadence-column{justify-content:start;}#kt-layout-id_e0424e-3d > .kt-row-column-wrap{column-gap:var(--global-kb-gap-md, 2rem);row-gap:var(--global-kb-gap-md, 2rem);max-width:1160px;margin-left:auto;margin-right:auto;padding-top:var( --global-kb-row-default-top, 25px );padding-bottom:var( --global-kb-row-default-bottom, 25px );padding-top:var(--global-kb-spacing-sm, 1.5rem);padding-bottom:var(--global-kb-spacing-sm, 1.5rem);grid-template-columns:minmax(0, 1fr);}#kt-layout-id_e0424e-3d > .kt-row-layout-overlay{opacity:0.30;}@media all and (max-width: 1024px){#kt-layout-id_e0424e-3d > .kt-row-column-wrap{grid-template-columns:minmax(0, 1fr);}}@media all and (max-width: 767px){#kt-layout-id_e0424e-3d > .kt-row-column-wrap{grid-template-columns:minmax(0, 1fr);}}<\/style>\n<div class=\"wp-block-kadence-rowlayout alignfull\"><div id=\"kt-layout-id_e0424e-3d\" class=\"kt-row-layout-inner kt-layout-id_e0424e-3d\"><div class=\"kt-row-column-wrap kt-has-1-columns kt-gutter-default kt-v-gutter-default kt-row-valign-top kt-row-layout-equal kt-tab-layout-inherit kt-m-colapse-left-to-right kt-mobile-layout-row\"><style>.kadence-column_07d011-2f > .kt-inside-inner-col{border-top-width:0px;border-right-width:0px;border-bottom-width:0px;border-left-width:0px;}.kadence-column_07d011-2f > .kt-inside-inner-col,.kadence-column_07d011-2f > .kt-inside-inner-col:before{border-top-left-radius:0px;border-top-right-radius:0px;border-bottom-right-radius:0px;border-bottom-left-radius:0px;}.kadence-column_07d011-2f > .kt-inside-inner-col{column-gap:var(--global-kb-gap-sm, 1rem);}.kadence-column_07d011-2f > .kt-inside-inner-col{flex-direction:column;}.kadence-column_07d011-2f > .kt-inside-inner-col > .aligncenter{width:100%;}.kadence-column_07d011-2f > .kt-inside-inner-col:before{opacity:0.3;}.kadence-column_07d011-2f{position:relative;}@media all and (max-width: 1024px){.kadence-column_07d011-2f > .kt-inside-inner-col{flex-direction:column;}}@media all and (max-width: 767px){.kadence-column_07d011-2f > .kt-inside-inner-col{flex-direction:column;}}<\/style>\n<div class=\"wp-block-kadence-column inner-column-1 kadence-column_07d011-2f\"><div class=\"kt-inside-inner-col\"><style>.kt-accordion-id_834678-6a .kt-accordion-inner-wrap{column-gap:var(--global-kb-gap-md, 2rem);row-gap:1px;}.kt-accordion-id_834678-6a .kt-accordion-panel-inner{border-top-width:0px;border-right-width:0px;border-bottom-width:0px;border-left-width:0px;padding-top:var(--global-kb-spacing-sm, 1.5rem);padding-right:var(--global-kb-spacing-sm, 1.5rem);padding-bottom:var(--global-kb-spacing-sm, 1.5rem);padding-left:var(--global-kb-spacing-sm, 1.5rem);}.kt-accordion-id_834678-6a .wp-block-kadence-pane .kt-accordion-header-wrap .kt-blocks-accordion-header{border-left-color:#104f5e;border-top-width:0px;border-right-width:0px;border-bottom-width:0px;border-left-width:3px;border-top-left-radius:0px;border-top-right-radius:0px;border-bottom-right-radius:0px;border-bottom-left-radius:0px;background:#f8f6f6;font-size:18px;line-height:24px;color:#104f5e;padding-top:10px;padding-right:14px;padding-bottom:10px;padding-left:14px;}.kt-accordion-id_834678-6a:not( .kt-accodion-icon-style-basiccircle ):not( .kt-accodion-icon-style-xclosecircle ):not( .kt-accodion-icon-style-arrowcircle ) .kt-blocks-accordion-icon-trigger:after, .kt-accordion-id_834678-6a:not( .kt-accodion-icon-style-basiccircle ):not( .kt-accodion-icon-style-xclosecircle ):not( .kt-accodion-icon-style-arrowcircle ) .kt-blocks-accordion-icon-trigger:before{background:#104f5e;}.kt-accordion-id_834678-6a:not( .kt-accodion-icon-style-basic ):not( .kt-accodion-icon-style-xclose ):not( .kt-accodion-icon-style-arrow ) .kt-blocks-accordion-icon-trigger{background:#104f5e;}.kt-accordion-id_834678-6a:not( .kt-accodion-icon-style-basic ):not( .kt-accodion-icon-style-xclose ):not( .kt-accodion-icon-style-arrow ) .kt-blocks-accordion-icon-trigger:after, .kt-accordion-id_834678-6a:not( .kt-accodion-icon-style-basic ):not( .kt-accodion-icon-style-xclose ):not( .kt-accodion-icon-style-arrow ) .kt-blocks-accordion-icon-trigger:before{background:#f8f6f6;}.kt-accordion-id_834678-6a .kt-accordion-header-wrap .kt-blocks-accordion-header:hover, body:not(.hide-focus-outline) .kt-accordion-id_834678-6a .kt-accordion-header-wrap .kt-blocks-accordion-header:focus-visible{color:#fff;background:#104f5e;border-top-color:#104f5e;border-right-color:#104f5e;border-bottom-color:#104f5e;border-left-color:#104f5e;}.kt-accordion-id_834678-6a:not( .kt-accodion-icon-style-basiccircle ):not( .kt-accodion-icon-style-xclosecircle ):not( .kt-accodion-icon-style-arrowcircle ) .kt-blocks-accordion-header:hover .kt-blocks-accordion-icon-trigger:after, .kt-accordion-id_834678-6a:not( .kt-accodion-icon-style-basiccircle ):not( .kt-accodion-icon-style-xclosecircle ):not( .kt-accodion-icon-style-arrowcircle ) .kt-blocks-accordion-header:hover .kt-blocks-accordion-icon-trigger:before, body:not(.hide-focus-outline) .kt-accordion-id_834678-6a:not( .kt-accodion-icon-style-basiccircle ):not( .kt-accodion-icon-style-xclosecircle ):not( .kt-accodion-icon-style-arrowcircle ) .kt-blocks-accordion--visible .kt-blocks-accordion-icon-trigger:after, body:not(.hide-focus-outline) .kt-accordion-id_834678-6a:not( .kt-accodion-icon-style-basiccircle ):not( .kt-accodion-icon-style-xclosecircle ):not( .kt-accodion-icon-style-arrowcircle ) .kt-blocks-accordion-header:focus-visible .kt-blocks-accordion-icon-trigger:before{background:#fff;}.kt-accordion-id_834678-6a:not( .kt-accodion-icon-style-basic ):not( .kt-accodion-icon-style-xclose ):not( .kt-accodion-icon-style-arrow ) .kt-blocks-accordion-header:hover .kt-blocks-accordion-icon-trigger, body:not(.hide-focus-outline) .kt-accordion-id_834678-6a:not( .kt-accodion-icon-style-basic ):not( .kt-accodion-icon-style-xclose ):not( .kt-accodion-icon-style-arrow ) .kt-blocks-accordion-header:focus-visible .kt-blocks-accordion-icon-trigger{background:#fff;}.kt-accordion-id_834678-6a:not( .kt-accodion-icon-style-basic ):not( .kt-accodion-icon-style-xclose ):not( .kt-accodion-icon-style-arrow ) .kt-blocks-accordion-header:hover .kt-blocks-accordion-icon-trigger:after, .kt-accordion-id_834678-6a:not( .kt-accodion-icon-style-basic ):not( .kt-accodion-icon-style-xclose ):not( .kt-accodion-icon-style-arrow ) .kt-blocks-accordion-header:hover .kt-blocks-accordion-icon-trigger:before, body:not(.hide-focus-outline) .kt-accordion-id_834678-6a:not( .kt-accodion-icon-style-basic ):not( .kt-accodion-icon-style-xclose ):not( .kt-accodion-icon-style-arrow ) .kt-blocks-accordion-header:focus-visible .kt-blocks-accordion-icon-trigger:after, body:not(.hide-focus-outline) .kt-accordion-id_834678-6a:not( .kt-accodion-icon-style-basic ):not( .kt-accodion-icon-style-xclose ):not( .kt-accodion-icon-style-arrow ) .kt-blocks-accordion-header:focus-visible .kt-blocks-accordion-icon-trigger:before{background:#104f5e;}.kt-accordion-id_834678-6a .kt-accordion-header-wrap .kt-blocks-accordion-header:focus-visible, .kt-accordion-id_834678-6a .kt-accordion-header-wrap .kt-blocks-accordion-header.kt-accordion-panel-active{color:#ffffff;background:#104f5e;border-top-color:#104f5e;border-right-color:#104f5e;border-bottom-color:#104f5e;border-left-color:#104f5e;}.kt-accordion-id_834678-6a:not( .kt-accodion-icon-style-basiccircle ):not( .kt-accodion-icon-style-xclosecircle ):not( .kt-accodion-icon-style-arrowcircle ) .kt-blocks-accordion-header.kt-accordion-panel-active .kt-blocks-accordion-icon-trigger:after, .kt-accordion-id_834678-6a:not( .kt-accodion-icon-style-basiccircle ):not( .kt-accodion-icon-style-xclosecircle ):not( .kt-accodion-icon-style-arrowcircle ) .kt-blocks-accordion-header.kt-accordion-panel-active .kt-blocks-accordion-icon-trigger:before{background:#ffffff;}.kt-accordion-id_834678-6a:not( .kt-accodion-icon-style-basic ):not( .kt-accodion-icon-style-xclose ):not( .kt-accodion-icon-style-arrow ) .kt-blocks-accordion-header.kt-accordion-panel-active .kt-blocks-accordion-icon-trigger{background:#ffffff;}.kt-accordion-id_834678-6a:not( .kt-accodion-icon-style-basic ):not( .kt-accodion-icon-style-xclose ):not( .kt-accodion-icon-style-arrow ) .kt-blocks-accordion-header.kt-accordion-panel-active .kt-blocks-accordion-icon-trigger:after, .kt-accordion-id_834678-6a:not( .kt-accodion-icon-style-basic ):not( .kt-accodion-icon-style-xclose ):not( .kt-accodion-icon-style-arrow ) .kt-blocks-accordion-header.kt-accordion-panel-active .kt-blocks-accordion-icon-trigger:before{background:#104f5e;}@media all and (max-width: 767px){.kt-accordion-id_834678-6a .kt-accordion-inner-wrap{display:block;}.kt-accordion-id_834678-6a .kt-accordion-inner-wrap .kt-accordion-pane:not(:first-child){margin-top:1px;}}<\/style>\n<div class=\"wp-block-kadence-accordion alignnone\"><div class=\"kt-accordion-wrap kt-accordion-wrap kt-accordion-id_834678-6a kt-accordion-has-5-panes kt-active-pane-0 kt-accordion-block kt-pane-header-alignment-left kt-accodion-icon-style-basic kt-accodion-icon-side-right\" style=\"max-width:none\"><div class=\"kt-accordion-inner-wrap\" data-allow-multiple-open=\"false\" data-start-open=\"0\">\n<div class=\"wp-block-kadence-pane kt-accordion-pane kt-accordion-pane-5 kt-pane_a02689-1b\"><div class=\"kt-accordion-header-wrap\"><button class=\"kt-blocks-accordion-header kt-acccordion-button-label-show\"><span class=\"kt-blocks-accordion-title-wrap\"><span class=\"kt-blocks-accordion-title\">Organisme de Formation<\/span><\/span><span class=\"kt-blocks-accordion-icon-trigger\"><\/span><\/button><\/div><div class=\"kt-accordion-panel kt-accordion-panel-hidden\"><div class=\"kt-accordion-panel-inner\">\n<p>Promulgu\u00e9e le 5 septembre 2018, la Loi Libert\u00e9 de d\u00e9finir son avenir professionnel impacte fortement la tr\u00e8s grande majorit\u00e9 des CAE, \u00e9quipes d&#8217;appui comme entrepreneurs formateurs.<\/p>\n\n\n\n<p>Le 6 juin 2019, les d\u00e9crets et arr\u00eat\u00e9s qui fixent les obligations qualit\u00e9, le r\u00e9f\u00e9rentiel, les modalit\u00e9s d&#8217;audit ont \u00e9t\u00e9 publi\u00e9s.<\/p>\n\n\n\n<p>Ces publications ont marqu\u00e9 le coup d&#8217;envoi du plan d&#8217;action \u00e9labor\u00e9 depuis fin 2018 par le Comit\u00e9 OF, afin de faciliter la vie des CAE.<\/p>\n\n\n\n<p>Pour pr\u00e9parer ce travail,<\/p>\n\n\n\n<ul class=\"wp-block-list\"><li>elles ont engag\u00e9 des actions communes (auto-\u00e9valuation, \u00e9changes de bonnes pratiques, mises en situation) pilot\u00e9es par CPE,<\/li><li>elles ont mandat\u00e9 CPE pour piloter un appel d\u2019offre en vue d\u2019\u00e9tablir un accord-cadre avec un organisme certificateur, portant sur l\u2019audit de certification des CAE selon le r\u00e9f\u00e9rentiel qualit\u00e9 de certification des prestataires concourant au d\u00e9veloppement des comp\u00e9tences (D\u00e9cret n\u00b02019-565 du 6 juin 2019 relatif au r\u00e9f\u00e9rentiel national sur la qualit\u00e9 des actions <a>concourant au d\u00e9veloppement des comp\u00e9tences<\/a>).<\/li><\/ul>\n<\/div><\/div><\/div>\n\n\n\n<div class=\"wp-block-kadence-pane kt-accordion-pane kt-accordion-pane-1 kt-pane_158576-89\"><div class=\"kt-accordion-header-wrap\"><button class=\"kt-blocks-accordion-header kt-acccordion-button-label-show\"><span class=\"kt-blocks-accordion-title-wrap\"><span class=\"kt-blocks-accordion-title\">Culture<\/span><\/span><span class=\"kt-blocks-accordion-icon-trigger\"><\/span><\/button><\/div><div class=\"kt-accordion-panel kt-accordion-panel-hidden\"><div class=\"kt-accordion-panel-inner\">\n<p>Entre optimisation professionnelle, \u00e9volution des modes de partenariats et transformation de leur mod\u00e8le \u00e9conomique, les acteurs artistiques et culturels font face \u00e0 des d\u00e9fis et des enjeux soci\u00e9taux complexes que les CAE Culture int\u00e8grent dans leur d\u00e9marche.<\/p>\n\n\n\n<p>Un professionnel du secteur artistique et culturel trouve dans une CAE Culture une mani\u00e8re in\u00e9dite et originale d&#8217;entreprendre en collectif.<\/p>\n\n\n\n<p>Une CAE permet d\u2019affiner les besoins de structuration et de gestion de ses activit\u00e9s cr\u00e9atives, de s&#8217;approprier pleinement la dimension \u00e9conomique d\u2019une activit\u00e9, de rompre avec l&#8217;isolement induit par l&#8217;acte de cr\u00e9ation, et de d\u00e9velopper sa capacit\u00e9 d&#8217;innovation dans une structure propice aux dynamiques collectives.<\/p>\n\n\n\n<p>L\u2019ensemble des m\u00e9tiers de la cr\u00e9ation sont repr\u00e9sent\u00e9s dans les CAE Culture : plasticiens, cr\u00e9atifs, \u00e9crivains, r\u00e9alisateurs, designers, g\u00e9rants administratifs et culturels, techniciens, com\u00e9diens, artisans d\u2019art, formateurs, stylistes, etc.<\/p>\n\n\n<style>.wp-block-kadence-advancedbtn.kt-btns_bb37d3-32, .site .entry-content .wp-block-kadence-advancedbtn.kt-btns_bb37d3-32, .wp-block-kadence-advancedbtn.kb-btns_bb37d3-32, .site .entry-content .wp-block-kadence-advancedbtn.kb-btns_bb37d3-32{margin-top:20px;}.wp-block-kadence-advancedbtn.kb-btns_bb37d3-32{gap:var(--global-kb-gap-xs, 0.5rem );justify-content:center;align-items:center;}.kt-btns_bb37d3-32 .kt-button{font-weight:normal;font-style:normal;text-transform:lowercase;}.kt-btns_bb37d3-32 .kt-btn-wrap-0{margin-right:5px;}.wp-block-kadence-advancedbtn.kt-btns_bb37d3-32 .kt-btn-wrap-0 .kt-button{color:#104f5e;font-size:0.8em;background:#fff;border-color:#104f5e;}.wp-block-kadence-advancedbtn.kt-btns_bb37d3-32 .kt-btn-wrap-0 .kt-button:hover, .wp-block-kadence-advancedbtn.kt-btns_bb37d3-32 .kt-btn-wrap-0 .kt-button:focus{color:#fff;border-color:#104f5e;}.wp-block-kadence-advancedbtn.kt-btns_bb37d3-32 .kt-btn-wrap-0 .kt-button::before{display:none;}.wp-block-kadence-advancedbtn.kt-btns_bb37d3-32 .kt-btn-wrap-0 .kt-button:hover, .wp-block-kadence-advancedbtn.kt-btns_bb37d3-32 .kt-btn-wrap-0 .kt-button:focus{background:#104f5e;}<\/style>\n<div class=\"wp-block-kadence-advancedbtn kt-btn-align-center kt-btn-tablet-align-inherit kt-btn-mobile-align-inherit kt-btns-wrap kt-btns_bb37d3-32\"><div class=\"kt-btn-wrap kt-btn-wrap-0\"><a class=\"kt-button button kt-btn-0-action kt-btn-size-standard kt-btn-style-basic kt-btn-svg-show-always kt-btn-has-text-true kt-btn-has-svg-false\" href=\"https:\/\/cooperer.coop\/wp-content\/uploads\/2022\/06\/Livret-CPE-CULTURE-2017.pdf\" target=\"_blank\" rel=\"noreferrer noopener\" style=\"border-radius:11px\"><span class=\"kt-btn-inner-text\">d\u00e9couvrir la plaquette CAE culture<\/span><\/a><\/div><\/div>\n<\/div><\/div><\/div>\n\n\n\n<div class=\"wp-block-kadence-pane kt-accordion-pane kt-accordion-pane-3 kt-pane_33465e-0a\"><div class=\"kt-accordion-header-wrap\"><button class=\"kt-blocks-accordion-header kt-acccordion-button-label-show\"><span class=\"kt-blocks-accordion-title-wrap\"><span class=\"kt-blocks-accordion-title\">Services \u00e0 la personne<\/span><\/span><span class=\"kt-blocks-accordion-icon-trigger\"><\/span><\/button><\/div><div class=\"kt-accordion-panel kt-accordion-panel-hidden\"><div class=\"kt-accordion-panel-inner\">\n<p>Les CAE Services \u00e0 la Personnes (SAP) r\u00e9unissent des entrepreneurs qui d\u00e9livrent leurs prestations au domicile de la personne, pour ses besoins particuliers (cours, formation, jardinage, informatique, petit bricolage\u2026). Les CAE sont soumises \u00e0 une r\u00e9glementation sp\u00e9cifique. Les services propos\u00e9s, dont la liste est dress\u00e9e par la loi, ouvrent droit pour les clients \u00e0 des d\u00e9ductions fiscale et sont factur\u00e9es pour certains \u00e0 un taux de TVA r\u00e9duit.<\/p>\n<\/div><\/div><\/div>\n\n\n\n<div class=\"wp-block-kadence-pane kt-accordion-pane kt-accordion-pane-4 kt-pane_d1cb43-5d\"><div class=\"kt-accordion-header-wrap\"><button class=\"kt-blocks-accordion-header kt-acccordion-button-label-show\"><span class=\"kt-blocks-accordion-title-wrap\"><span class=\"kt-blocks-accordion-title\">Agri-rurales<\/span><\/span><span class=\"kt-blocks-accordion-icon-trigger\"><\/span><\/button><\/div><div class=\"kt-accordion-panel kt-accordion-panel-hidden\"><div class=\"kt-accordion-panel-inner\">\n<p>Le secteur agricole est en forte \u00e9volution depuis quelques ann\u00e9es avec l\u2019arriv\u00e9e de nouveaux acteurs non issus des milieux agricoles, et le d\u00e9veloppement de petites unit\u00e9s, notamment dans l\u2019agriculture biologique et\/ou la distribution via des circuits courts. L\u2019app\u00e9tence coop\u00e9rative va souvent de pair avec cette \u00e9volution.<\/p>\n\n\n\n<p>Une premi\u00e8re \u00e9tude conduite par CPE en 2015 a permis d\u2019\u00e9tablir qu\u2019une trentaine de CAE g\u00e9n\u00e9ralistes accueillaient des activit\u00e9s agri-rurales.<\/p>\n\n\n\n<p>Ces derni\u00e8res comportent cependant de nombreuses sp\u00e9cificit\u00e9s : culturelles, techniques, financi\u00e8res ou li\u00e9es \u00e0 la protection sociale. Il peut \u00eatre complexe pour une CAE g\u00e9n\u00e9raliste d\u2019accueillir certaines activit\u00e9s.<\/p>\n\n\n\n<p>C\u2019est la raison pour laquelle, des CAE agricoles se cr\u00e9ent depuis quelques ann\u00e9es afin d\u2019accueillir et d\u2019accompagner les porteurs de projet d\u2019activit\u00e9s agri-rurales.<\/p>\n<\/div><\/div><\/div>\n\n\n\n<div class=\"wp-block-kadence-pane kt-accordion-pane kt-accordion-pane-2 kt-pane_d6da79-bd\"><div class=\"kt-accordion-header-wrap\"><button class=\"kt-blocks-accordion-header kt-acccordion-button-label-show\"><span class=\"kt-blocks-accordion-title-wrap\"><span class=\"kt-blocks-accordion-title\">B\u00e2timent<\/span><\/span><span class=\"kt-blocks-accordion-icon-trigger\"><\/span><\/button><\/div><div class=\"kt-accordion-panel kt-accordion-panel-hidden\"><div class=\"kt-accordion-panel-inner\">\n<p>Les CAE B\u00e2timent suivent une d\u00e9marche globale d\u2019int\u00e9gration des pratiques de l\u2019\u00e9coconstruction. Elles souhaitent ainsi aider les entrepreneurs en proposant des pratiques exemplaires dans leur mise en oeuvre, \u00e0 se qualifier et mettent une priorit\u00e9 sur la formation \u00e0 la s\u00e9curit\u00e9 sur les chantiers afin d\u2019allier au mieux efficacit\u00e9 et sant\u00e9.<\/p>\n<p>Sensibles aux probl\u00e8mes environnementaux et conscientes que le b\u00e2timent peut-\u00eatre nocif \u00e0 l\u2019environnement, leur objectif est donc d\u2019utiliser des mat\u00e9riaux sains, non toxiques, moins dangereux pour le poseur et plus sain pour le client.<\/p>\n<p>Le collectif d&#8217;entrepreneurs et les \u00e9quipes aux comp\u00e9tences compl\u00e9mentaires permettent d&#8217;acc\u00e9der \u00e0 des chantiers plus importants et de r\u00e9pondre aux probl\u00e9matiques du secteur gr\u00e2ce \u00e0 l\u2019Assurance Garantie d\u00e9cennale et Responsabilit\u00e9 Civile Professionnelle ; la veille sur les r\u00e9glementations, nouveaux mat\u00e9riaux, technologies&#8230; ; l\u2019acc\u00e8s \u00e0 une mutuelle d\u00e9di\u00e9e aux professionnels du BTP\u2026<\/p>\n<p><\/p>\n\n\n\n<\/p>\n<\/div><\/div><\/div>\n<\/div><\/div><\/div>\n<\/div><\/div>\n<\/div><\/div><\/div>\n\n\n\n<div style=\"height:40px\" aria-hidden=\"true\" class=\"wp-block-spacer\"><\/div>\n","protected":false},"excerpt":{"rendered":"<p>Majoritairement g\u00e9n\u00e9ralistes, les CAE sont non seulement en capacit\u00e9 d\u2019accueillir des m\u00e9tiers diff\u00e9rents, mais se saisissent des sp\u00e9cificit\u00e9s propres aux fili\u00e8res pour \u00e9tendre leur mod\u00e8le protecteur \u00e0 de nouveaux m\u00e9tiers. D\u2019autres fili\u00e8res sont en r\u00e9flexion en fonction de l\u2019\u00e9volution de notre soci\u00e9t\u00e9 et de la cr\u00e9ation de nouvelles fili\u00e8res. Cela s\u2019int\u00e8gre \u00e0 la strat\u00e9gie de [&hellip;]<\/p>\n","protected":false},"author":2,"featured_media":0,"parent":100,"menu_order":0,"comment_status":"closed","ping_status":"closed","template":"","meta":{"footnotes":""},"class_list":["post-1816","page","type-page","status-publish","hentry"],"_links":{"self":[{"href":"https:\/\/cooperer.coop\/index.php?rest_route=\/wp\/v2\/pages\/1816","targetHints":{"allow":["GET"]}}],"collection":[{"href":"https:\/\/cooperer.coop\/index.php?rest_route=\/wp\/v2\/pages"}],"about":[{"href":"https:\/\/cooperer.coop\/index.php?rest_route=\/wp\/v2\/types\/page"}],"author":[{"embeddable":true,"href":"https:\/\/cooperer.coop\/index.php?rest_route=\/wp\/v2\/users\/2"}],"replies":[{"embeddable":true,"href":"https:\/\/cooperer.coop\/index.php?rest_route=%2Fwp%2Fv2%2Fcomments&post=1816"}],"version-history":[{"count":22,"href":"https:\/\/cooperer.coop\/index.php?rest_route=\/wp\/v2\/pages\/1816\/revisions"}],"predecessor-version":[{"id":2568,"href":"https:\/\/cooperer.coop\/index.php?rest_route=\/wp\/v2\/pages\/1816\/revisions\/2568"}],"up":[{"embeddable":true,"href":"https:\/\/cooperer.coop\/index.php?rest_route=\/wp\/v2\/pages\/100"}],"wp:attachment":[{"href":"https:\/\/cooperer.coop\/index.php?rest_route=%2Fwp%2Fv2%2Fmedia&parent=1816"}],"curies":[{"name":"wp","href":"https:\/\/api.w.org\/{rel}","templated":true}]}}