{"id":2435,"date":"2022-09-19T12:33:33","date_gmt":"2022-09-19T10:33:33","guid":{"rendered":"https:\/\/cooperer.coop\/?page_id=2435"},"modified":"2022-09-26T11:23:08","modified_gmt":"2022-09-26T09:23:08","slug":"dun-reseau-de-cae-a-lentrepreneuriat-collectif","status":"publish","type":"page","link":"https:\/\/cooperer.coop\/?page_id=2435","title":{"rendered":"D&#8217;un r\u00e9seau de CAE \u00e0 l&#8217;entrepreneuriat collectif"},"content":{"rendered":"<style>#kt-layout-id_ba4dff-72{margin-top:0px;}#kt-layout-id_ba4dff-72 > .kt-row-column-wrap{align-content:start;}:where(#kt-layout-id_ba4dff-72 > .kt-row-column-wrap) > .wp-block-kadence-column{justify-content:start;}#kt-layout-id_ba4dff-72 > .kt-row-column-wrap{column-gap:var(--global-kb-gap-md, 2rem);row-gap:var(--global-kb-gap-md, 2rem);padding-top:var( --global-kb-row-default-top, 25px );padding-bottom:var( --global-kb-row-default-bottom, 25px );padding-top:0px;padding-bottom:0px;min-height:250px;grid-template-columns:minmax(0, 1fr);}#kt-layout-id_ba4dff-72 > .kt-row-layout-overlay{opacity:0.70;background-color:#000000;background-image:url('https:\/\/cooperer.coop\/wp-content\/uploads\/2022\/02\/CPE-36.jpg');background-size:cover;background-position:50% 46%;background-attachment:fixed;background-repeat:no-repeat;}@media all and (max-width: 1024px), only screen and (min-device-width: 1024px) and (max-device-width: 1366px) and (-webkit-min-device-pixel-ratio: 2) and (orientation: landscape) and (hover: none){#kt-layout-id_ba4dff-72 > .kt-row-layout-overlay{background-attachment:scroll;}}@media all and (max-width: 1024px){#kt-layout-id_ba4dff-72 > .kt-row-column-wrap{grid-template-columns:minmax(0, 1fr);}}@media all and (max-width: 767px){#kt-layout-id_ba4dff-72 > .kt-row-column-wrap{grid-template-columns:minmax(0, 1fr);}}<\/style>\n<div class=\"wp-block-kadence-rowlayout alignfull en-tete-labo\"><div id=\"kt-layout-id_ba4dff-72\" class=\"kt-row-layout-inner kt-row-has-bg kt-layout-id_ba4dff-72 has-primary-background-color\"><div class=\"kt-row-layout-overlay kt-row-overlay-normal kt-jarallax\"><\/div><div class=\"kt-row-column-wrap kt-has-1-columns kt-gutter-default kt-v-gutter-default kt-row-valign-top kt-row-layout-equal kt-tab-layout-inherit kt-m-colapse-left-to-right kt-mobile-layout-row\"><style>.kadence-column_7b215f-01 > .kt-inside-inner-col{border-top-width:0px;border-right-width:0px;border-bottom-width:0px;border-left-width:0px;}.kadence-column_7b215f-01 > .kt-inside-inner-col,.kadence-column_7b215f-01 > .kt-inside-inner-col:before{border-top-left-radius:0px;border-top-right-radius:0px;border-bottom-right-radius:0px;border-bottom-left-radius:0px;}.kadence-column_7b215f-01 > .kt-inside-inner-col{column-gap:var(--global-kb-gap-sm, 1rem);}.kadence-column_7b215f-01 > .kt-inside-inner-col{flex-direction:column;}.kadence-column_7b215f-01 > .kt-inside-inner-col > .aligncenter{width:100%;}.kadence-column_7b215f-01 > .kt-inside-inner-col:before{opacity:0.3;}.kadence-column_7b215f-01{position:relative;}@media all and (max-width: 1024px){.kadence-column_7b215f-01 > .kt-inside-inner-col{flex-direction:column;}}@media all and (max-width: 767px){.kadence-column_7b215f-01 > .kt-inside-inner-col{flex-direction:column;}}<\/style>\n<div class=\"wp-block-kadence-column inner-column-1 kadence-column_7b215f-01\"><div class=\"kt-inside-inner-col\"><\/div><\/div>\n<\/div><\/div><\/div>\n\n\n<style>#kt-layout-id_6a904b-93 > .kt-row-column-wrap{align-content:start;}:where(#kt-layout-id_6a904b-93 > .kt-row-column-wrap) > .wp-block-kadence-column{justify-content:start;}#kt-layout-id_6a904b-93 > .kt-row-column-wrap{column-gap:var(--global-kb-gap-md, 2rem);row-gap:var(--global-kb-gap-md, 2rem);max-width:1160px;margin-left:auto;margin-right:auto;padding-top:var( --global-kb-row-default-top, 25px );padding-bottom:var( --global-kb-row-default-bottom, 25px );padding-top:var(--global-kb-spacing-sm, 1.5rem);padding-bottom:var(--global-kb-spacing-sm, 1.5rem);grid-template-columns:minmax(0, 1fr);}#kt-layout-id_6a904b-93 > .kt-row-layout-overlay{opacity:0.30;}@media all and (max-width: 1024px){#kt-layout-id_6a904b-93 > .kt-row-column-wrap{grid-template-columns:minmax(0, 1fr);}}@media all and (max-width: 767px){#kt-layout-id_6a904b-93 > .kt-row-column-wrap{grid-template-columns:minmax(0, 1fr);}}<\/style>\n<div class=\"wp-block-kadence-rowlayout alignfull\"><div id=\"kt-layout-id_6a904b-93\" class=\"kt-row-layout-inner kt-layout-id_6a904b-93\"><div class=\"kt-row-column-wrap kt-has-1-columns kt-gutter-default kt-v-gutter-default kt-row-valign-top kt-row-layout-equal kt-tab-layout-inherit kt-m-colapse-left-to-right kt-mobile-layout-row\"><style>.kadence-column_c7187e-09 > .kt-inside-inner-col{padding-left:0px;padding-right:0px;}.kadence-column_c7187e-09 > .kt-inside-inner-col{border-top-width:0px;border-right-width:0px;border-bottom-width:0px;border-left-width:0px;}.kadence-column_c7187e-09 > .kt-inside-inner-col,.kadence-column_c7187e-09 > .kt-inside-inner-col:before{border-top-left-radius:0px;border-top-right-radius:0px;border-bottom-right-radius:0px;border-bottom-left-radius:0px;}.kadence-column_c7187e-09 > .kt-inside-inner-col{column-gap:var(--global-kb-gap-sm, 1rem);}.kadence-column_c7187e-09 > .kt-inside-inner-col{flex-direction:column;}.kadence-column_c7187e-09 > .kt-inside-inner-col > .aligncenter{width:100%;}.kadence-column_c7187e-09 > .kt-inside-inner-col:before{opacity:0.3;}.kadence-column_c7187e-09{position:relative;}@media all and (max-width: 1024px){.kadence-column_c7187e-09 > .kt-inside-inner-col{flex-direction:column;}}@media all and (max-width: 767px){.kadence-column_c7187e-09 > .kt-inside-inner-col{flex-direction:column;}}<\/style>\n<div class=\"wp-block-kadence-column inner-column-1 kadence-column_c7187e-09\"><div class=\"kt-inside-inner-col\"><style>.wp-block-kadence-advancedheading.kt-adv-heading_c9eeeb-ce, .wp-block-kadence-advancedheading.kt-adv-heading_c9eeeb-ce[data-kb-block=\"kb-adv-heading_c9eeeb-ce\"]{font-size:3.4rem;font-style:normal;}.wp-block-kadence-advancedheading.kt-adv-heading_c9eeeb-ce mark.kt-highlight, .wp-block-kadence-advancedheading.kt-adv-heading_c9eeeb-ce[data-kb-block=\"kb-adv-heading_c9eeeb-ce\"] mark.kt-highlight{font-style:normal;color:#f76a0c;padding-top:0px;padding-right:0px;padding-bottom:0px;padding-left:0px;}<\/style>\n<h1 class=\"kt-adv-heading_c9eeeb-ce wp-block-kadence-advancedheading\" data-kb-block=\"kb-adv-heading_c9eeeb-ce\">D&#8217;un r\u00e9seau de CAE \u00e0 l&#8217;entrepreneuriat collectif<\/h1>\n\n\n<style>.wp-block-kadence-advancedheading.kt-adv-heading_7497bb-d0, .wp-block-kadence-advancedheading.kt-adv-heading_7497bb-d0[data-kb-block=\"kb-adv-heading_7497bb-d0\"]{font-style:normal;}.wp-block-kadence-advancedheading.kt-adv-heading_7497bb-d0 mark.kt-highlight, .wp-block-kadence-advancedheading.kt-adv-heading_7497bb-d0[data-kb-block=\"kb-adv-heading_7497bb-d0\"] mark.kt-highlight{font-style:normal;color:#f76a0c;padding-top:0px;padding-right:0px;padding-bottom:0px;padding-left:0px;}<\/style>\n<p class=\"kt-adv-heading_7497bb-d0 wp-block-kadence-advancedheading\" data-kb-block=\"kb-adv-heading_7497bb-d0\">Coop\u00e9rer pour Entreprendre est cr\u00e9\u00e9 en 1999 par les premi\u00e8res CAE, avec comme missions principales de d\u00e9velopper le nombre de CAE, de mutualiser des ressources et des services, et de les prot\u00e9ger en leur offrant un cadre juridique et un relais institutionnel.<\/p>\n\n\n<style>.wp-block-kadence-advancedheading.kt-adv-heading_826e8e-3c, .wp-block-kadence-advancedheading.kt-adv-heading_826e8e-3c[data-kb-block=\"kb-adv-heading_826e8e-3c\"]{font-style:normal;}.wp-block-kadence-advancedheading.kt-adv-heading_826e8e-3c mark.kt-highlight, .wp-block-kadence-advancedheading.kt-adv-heading_826e8e-3c[data-kb-block=\"kb-adv-heading_826e8e-3c\"] mark.kt-highlight{font-style:normal;color:#f76a0c;padding-top:0px;padding-right:0px;padding-bottom:0px;padding-left:0px;}<\/style>\n<p class=\"kt-adv-heading_826e8e-3c wp-block-kadence-advancedheading\" data-kb-block=\"kb-adv-heading_826e8e-3c\">Principal r\u00e9seau des CAE pendant pr\u00e8s de 20 ans, CPE a contribu\u00e9 \u00e0 leur reconnaissance et \u00e0 leur professionnalisation, \u00e0 travers de nombreux partenariats nou\u00e9s, la formation et l\u2019outillage des \u00e9quipes d\u2019appui, ou encore l\u2019accompagnement strat\u00e9gique des dirigeants. En parall\u00e8le, CPE d\u00e9veloppe un laboratoire d\u2019innovation centr\u00e9 sur les transformations du travail et la coop\u00e9ration. En lien avec ses soci\u00e9taires, il d\u00e9veloppe ainsi les Coop\u00e9ratives jeunesse de services pendant plusieurs ann\u00e9es, ou encore les coop\u00e9ratives \u00e9ph\u00e9m\u00e8res courtes Flaschoop.<\/p>\n\n\n<style>.wp-block-kadence-advancedheading.kt-adv-heading_2f3c24-29, .wp-block-kadence-advancedheading.kt-adv-heading_2f3c24-29[data-kb-block=\"kb-adv-heading_2f3c24-29\"]{font-style:normal;}.wp-block-kadence-advancedheading.kt-adv-heading_2f3c24-29 mark.kt-highlight, .wp-block-kadence-advancedheading.kt-adv-heading_2f3c24-29[data-kb-block=\"kb-adv-heading_2f3c24-29\"] mark.kt-highlight{font-style:normal;color:#f76a0c;padding-top:0px;padding-right:0px;padding-bottom:0px;padding-left:0px;}<\/style>\n<p class=\"kt-adv-heading_2f3c24-29 wp-block-kadence-advancedheading\" data-kb-block=\"kb-adv-heading_2f3c24-29\">CPE devient en 2020 un groupe coop\u00e9ratif tout en impulsant la cr\u00e9ation de la f\u00e9d\u00e9ration des CAE. En 2022, CPE se recentre sur les services num\u00e9riques avec enDI, la plateforme de gestion pour les ind\u00e9pendants en collectif.<\/p>\n<\/div><\/div>\n<\/div><\/div><\/div>\n\n\n<style>#kt-layout-id_69e794-b4 > .kt-row-column-wrap{align-content:start;}:where(#kt-layout-id_69e794-b4 > .kt-row-column-wrap) > .wp-block-kadence-column{justify-content:start;}#kt-layout-id_69e794-b4 > .kt-row-column-wrap{column-gap:var(--global-kb-gap-md, 2rem);row-gap:var(--global-kb-gap-md, 2rem);max-width:1160px;margin-left:auto;margin-right:auto;padding-top:var( --global-kb-row-default-top, 25px );padding-bottom:var( --global-kb-row-default-bottom, 25px );padding-top:50px;grid-template-columns:minmax(0, 1fr);}#kt-layout-id_69e794-b4 > .kt-row-layout-overlay{opacity:0.30;}@media all and (max-width: 1024px){#kt-layout-id_69e794-b4 > .kt-row-column-wrap{grid-template-columns:minmax(0, 1fr);}}@media all and (max-width: 767px){#kt-layout-id_69e794-b4 > .kt-row-column-wrap{grid-template-columns:minmax(0, 1fr);}}<\/style>\n<div class=\"wp-block-kadence-rowlayout alignfull\"><div id=\"kt-layout-id_69e794-b4\" class=\"kt-row-layout-inner kt-row-has-bg kt-layout-id_69e794-b4 has-kb-palette-2-background-color\"><div class=\"kt-row-column-wrap kt-has-1-columns kt-gutter-default kt-v-gutter-default kt-row-valign-top kt-row-layout-equal kt-tab-layout-inherit kt-m-colapse-left-to-right kt-mobile-layout-row\"><style>.kadence-column_945acb-8b > .kt-inside-inner-col{border-top-width:0px;border-right-width:0px;border-bottom-width:0px;border-left-width:0px;}.kadence-column_945acb-8b > .kt-inside-inner-col,.kadence-column_945acb-8b > .kt-inside-inner-col:before{border-top-left-radius:0px;border-top-right-radius:0px;border-bottom-right-radius:0px;border-bottom-left-radius:0px;}.kadence-column_945acb-8b > .kt-inside-inner-col{column-gap:var(--global-kb-gap-sm, 1rem);}.kadence-column_945acb-8b > .kt-inside-inner-col{flex-direction:column;}.kadence-column_945acb-8b > .kt-inside-inner-col > .aligncenter{width:100%;}.kadence-column_945acb-8b > .kt-inside-inner-col:before{opacity:0.3;}.kadence-column_945acb-8b{position:relative;}@media all and (max-width: 1024px){.kadence-column_945acb-8b > .kt-inside-inner-col{flex-direction:column;}}@media all and (max-width: 767px){.kadence-column_945acb-8b > .kt-inside-inner-col{flex-direction:column;}}<\/style>\n<div class=\"wp-block-kadence-column inner-column-1 kadence-column_945acb-8b\"><div class=\"kt-inside-inner-col\"><style>#kt-layout-id_1ee411-e4 > .kt-row-column-wrap{align-content:start;}:where(#kt-layout-id_1ee411-e4 > .kt-row-column-wrap) > .wp-block-kadence-column{justify-content:start;}#kt-layout-id_1ee411-e4 > .kt-row-column-wrap{column-gap:var(--global-kb-gap-md, 2rem);row-gap:var(--global-kb-gap-md, 2rem);padding-top:var( --global-kb-row-default-top, 25px );padding-bottom:var( --global-kb-row-default-bottom, 25px );padding-top:50px;grid-template-columns:repeat(2, minmax(0, 1fr));}#kt-layout-id_1ee411-e4 > .kt-row-layout-overlay{opacity:0.30;}@media all and (max-width: 1024px){#kt-layout-id_1ee411-e4 > .kt-row-column-wrap{grid-template-columns:repeat(2, minmax(0, 1fr));}}@media all and (max-width: 767px){#kt-layout-id_1ee411-e4 > .kt-row-column-wrap{grid-template-columns:minmax(0, 1fr);}}<\/style>\n<div class=\"wp-block-kadence-rowlayout alignfull\"><div id=\"kt-layout-id_1ee411-e4\" class=\"kt-row-layout-inner kt-layout-id_1ee411-e4\"><div class=\"kt-row-column-wrap kt-has-2-columns kt-gutter-default kt-v-gutter-default kt-row-valign-top kt-row-layout-equal kt-tab-layout-inherit kt-m-colapse-left-to-right kt-mobile-layout-row\"><style>.kadence-column_10af68-c0 > .kt-inside-inner-col{padding-top:20px;}.kadence-column_10af68-c0 > .kt-inside-inner-col{border-top-width:0px;border-right-width:0px;border-bottom-width:0px;border-left-width:0px;}.kadence-column_10af68-c0 > .kt-inside-inner-col,.kadence-column_10af68-c0 > .kt-inside-inner-col:before{border-top-left-radius:0px;border-top-right-radius:0px;border-bottom-right-radius:0px;border-bottom-left-radius:0px;}.kadence-column_10af68-c0 > .kt-inside-inner-col{column-gap:var(--global-kb-gap-sm, 1rem);}.kadence-column_10af68-c0 > .kt-inside-inner-col{flex-direction:column;}.kadence-column_10af68-c0 > .kt-inside-inner-col > .aligncenter{width:100%;}.kadence-column_10af68-c0 > .kt-inside-inner-col:before{opacity:0.3;}.kadence-column_10af68-c0{position:relative;}@media all and (max-width: 1024px){.kadence-column_10af68-c0 > .kt-inside-inner-col{flex-direction:column;}}@media all and (max-width: 767px){.kadence-column_10af68-c0 > .kt-inside-inner-col{flex-direction:column;}}<\/style>\n<div class=\"wp-block-kadence-column inner-column-1 kadence-column_10af68-c0\"><div class=\"kt-inside-inner-col\"><style>.wp-block-kadence-advancedheading.kt-adv-heading_91b070-92, .wp-block-kadence-advancedheading.kt-adv-heading_91b070-92[data-kb-block=\"kb-adv-heading_91b070-92\"]{text-align:center;font-style:normal;}.wp-block-kadence-advancedheading.kt-adv-heading_91b070-92 mark.kt-highlight, .wp-block-kadence-advancedheading.kt-adv-heading_91b070-92[data-kb-block=\"kb-adv-heading_91b070-92\"] mark.kt-highlight{font-style:normal;color:#f76a0c;padding-top:0px;padding-right:0px;padding-bottom:0px;padding-left:0px;}<\/style>\n<p class=\"kt-adv-heading_91b070-92 wp-block-kadence-advancedheading\" data-kb-block=\"kb-adv-heading_91b070-92\">Retrouvez<strong> <\/strong>dans les onglets<strong> &#8220;Services&#8221; et &#8220;R\u00e9alisations&#8221; les actions men\u00e9es par CPE pour les CAE<\/strong><\/p>\n\n\n<style>.wp-block-kadence-advancedbtn.kt-btns_102080-ee, .site .entry-content .wp-block-kadence-advancedbtn.kt-btns_102080-ee, .wp-block-kadence-advancedbtn.kb-btns_102080-ee, .site .entry-content .wp-block-kadence-advancedbtn.kb-btns_102080-ee{margin-top:20px;}.wp-block-kadence-advancedbtn.kb-btns_102080-ee{gap:var(--global-kb-gap-xs, 0.5rem );justify-content:center;align-items:center;}.kt-btns_102080-ee .kt-button{font-weight:normal;font-style:normal;text-transform:lowercase;}.kt-btns_102080-ee .kt-btn-wrap-0{margin-right:5px;}.wp-block-kadence-advancedbtn.kt-btns_102080-ee .kt-btn-wrap-0 .kt-button{color:#fff;font-size:0.8em;background:#000000;border-color:#000000;}.wp-block-kadence-advancedbtn.kt-btns_102080-ee .kt-btn-wrap-0 .kt-button:hover, .wp-block-kadence-advancedbtn.kt-btns_102080-ee .kt-btn-wrap-0 .kt-button:focus{color:#000000;border-color:#000000;}.wp-block-kadence-advancedbtn.kt-btns_102080-ee .kt-btn-wrap-0 .kt-button::before{display:none;}.wp-block-kadence-advancedbtn.kt-btns_102080-ee .kt-btn-wrap-0 .kt-button:hover, .wp-block-kadence-advancedbtn.kt-btns_102080-ee .kt-btn-wrap-0 .kt-button:focus{background:#fff;}<\/style>\n<div class=\"wp-block-kadence-advancedbtn kt-btn-align-center kt-btn-tablet-align-inherit kt-btn-mobile-align-inherit kt-btns-wrap kt-btns_102080-ee\"><div class=\"kt-btn-wrap kt-btn-wrap-0\"><a class=\"kt-button button kt-btn-0-action kt-btn-size-standard kt-btn-style-basic kt-btn-svg-show-always kt-btn-has-text-true kt-btn-has-svg-false\" href=\"\/\" style=\"border-radius:11px\"><span class=\"kt-btn-inner-text\">en savoir plus<\/span><\/a><\/div><\/div>\n<\/div><\/div>\n\n\n<style>.kadence-column_96066e-46 > .kt-inside-inner-col{padding-top:20px;}.kadence-column_96066e-46 > .kt-inside-inner-col{border-top-width:0px;border-right-width:0px;border-bottom-width:0px;border-left-width:0px;}.kadence-column_96066e-46 > .kt-inside-inner-col,.kadence-column_96066e-46 > .kt-inside-inner-col:before{border-top-left-radius:0px;border-top-right-radius:0px;border-bottom-right-radius:0px;border-bottom-left-radius:0px;}.kadence-column_96066e-46 > .kt-inside-inner-col{column-gap:var(--global-kb-gap-sm, 1rem);}.kadence-column_96066e-46 > .kt-inside-inner-col{flex-direction:column;}.kadence-column_96066e-46 > .kt-inside-inner-col > .aligncenter{width:100%;}.kadence-column_96066e-46 > .kt-inside-inner-col:before{opacity:0.3;}.kadence-column_96066e-46{position:relative;}@media all and (max-width: 1024px){.kadence-column_96066e-46 > .kt-inside-inner-col{flex-direction:column;}}@media all and (max-width: 767px){.kadence-column_96066e-46 > .kt-inside-inner-col{flex-direction:column;}}<\/style>\n<div class=\"wp-block-kadence-column inner-column-2 kadence-column_96066e-46\"><div class=\"kt-inside-inner-col\"><style>.wp-block-kadence-advancedheading.kt-adv-heading_4cb9f7-bd, .wp-block-kadence-advancedheading.kt-adv-heading_4cb9f7-bd[data-kb-block=\"kb-adv-heading_4cb9f7-bd\"]{text-align:center;font-style:normal;}.wp-block-kadence-advancedheading.kt-adv-heading_4cb9f7-bd mark.kt-highlight, .wp-block-kadence-advancedheading.kt-adv-heading_4cb9f7-bd[data-kb-block=\"kb-adv-heading_4cb9f7-bd\"] mark.kt-highlight{font-style:normal;color:#f76a0c;padding-top:0px;padding-right:0px;padding-bottom:0px;padding-left:0px;}<\/style>\n<p class=\"kt-adv-heading_4cb9f7-bd wp-block-kadence-advancedheading\" data-kb-block=\"kb-adv-heading_4cb9f7-bd\">En savoir plus<br><strong>sur la F\u00e9d\u00e9ration des CAE<\/strong><br><\/p>\n\n\n<style>.wp-block-kadence-advancedbtn.kb-btns_e90974-c1{gap:var(--global-kb-gap-xs, 0.5rem );justify-content:center;align-items:center;}.kt-btns_e90974-c1 .kt-button{font-weight:normal;font-style:normal;text-transform:lowercase;}.kt-btns_e90974-c1 .kt-btn-wrap-0{margin-right:5px;}.wp-block-kadence-advancedbtn.kt-btns_e90974-c1 .kt-btn-wrap-0 .kt-button{color:#000000;font-size:0.8em;border-color:#000000;}.wp-block-kadence-advancedbtn.kt-btns_e90974-c1 .kt-btn-wrap-0 .kt-button:hover, .wp-block-kadence-advancedbtn.kt-btns_e90974-c1 .kt-btn-wrap-0 .kt-button:focus{color:#ffffff;border-color:#000000;}.wp-block-kadence-advancedbtn.kt-btns_e90974-c1 .kt-btn-wrap-0 .kt-button::before{display:none;}.wp-block-kadence-advancedbtn.kt-btns_e90974-c1 .kt-btn-wrap-0 .kt-button:hover, .wp-block-kadence-advancedbtn.kt-btns_e90974-c1 .kt-btn-wrap-0 .kt-button:focus{background:#000000;}<\/style>\n<div class=\"wp-block-kadence-advancedbtn kt-btn-align-center kt-btn-tablet-align-inherit kt-btn-mobile-align-inherit kt-btns-wrap kt-btns_e90974-c1\"><div class=\"kt-btn-wrap kt-btn-wrap-0\"><a class=\"kt-button button kt-btn-0-action kt-btn-size-standard kt-btn-style-basic kt-btn-svg-show-always kt-btn-has-text-true kt-btn-has-svg-false\" href=\"https:\/\/www.les-cae.coop\/\" target=\"_blank\" rel=\"noreferrer noopener\" style=\"border-radius:11px\"><span class=\"kt-btn-inner-text\">En savoir plus<\/span><\/a><\/div><\/div>\n<\/div><\/div>\n<\/div><\/div><\/div>\n<\/div><\/div>\n<\/div><\/div><\/div>\n\n\n<style>.kadence-column_a255ec-1a > .kt-inside-inner-col{border-top-width:0px;border-right-width:0px;border-bottom-width:0px;border-left-width:0px;}.kadence-column_a255ec-1a > .kt-inside-inner-col,.kadence-column_a255ec-1a > .kt-inside-inner-col:before{border-top-left-radius:0px;border-top-right-radius:0px;border-bottom-right-radius:0px;border-bottom-left-radius:0px;}.kadence-column_a255ec-1a > .kt-inside-inner-col{column-gap:var(--global-kb-gap-sm, 1rem);}.kadence-column_a255ec-1a > .kt-inside-inner-col{flex-direction:column;}.kadence-column_a255ec-1a > .kt-inside-inner-col > .aligncenter{width:100%;}.kadence-column_a255ec-1a > .kt-inside-inner-col:before{opacity:0.3;}.kadence-column_a255ec-1a{position:relative;}.wp-block-kadence-column.kadence-column_a255ec-1a > .kt-inside-inner-col{margin-top:25px;}@media all and (max-width: 1024px){.kadence-column_a255ec-1a > .kt-inside-inner-col{flex-direction:column;}}@media all and (max-width: 767px){.kadence-column_a255ec-1a > .kt-inside-inner-col{flex-direction:column;}}<\/style>\n<div class=\"wp-block-kadence-column inner-column-1 kadence-column_a255ec-1a\"><div class=\"kt-inside-inner-col\"><\/div><\/div>\n","protected":false},"excerpt":{"rendered":"<p>D&#8217;un r\u00e9seau de CAE \u00e0 l&#8217;entrepreneuriat collectif Coop\u00e9rer pour Entreprendre est cr\u00e9\u00e9 en 1999 par les premi\u00e8res CAE, avec comme missions principales de d\u00e9velopper le nombre de CAE, de mutualiser des ressources et des services, et de les prot\u00e9ger en leur offrant un cadre juridique et un relais institutionnel. Principal r\u00e9seau des CAE pendant pr\u00e8s [&hellip;]<\/p>\n","protected":false},"author":2,"featured_media":0,"parent":38,"menu_order":0,"comment_status":"closed","ping_status":"closed","template":"","meta":{"footnotes":""},"class_list":["post-2435","page","type-page","status-publish","hentry"],"_links":{"self":[{"href":"https:\/\/cooperer.coop\/index.php?rest_route=\/wp\/v2\/pages\/2435","targetHints":{"allow":["GET"]}}],"collection":[{"href":"https:\/\/cooperer.coop\/index.php?rest_route=\/wp\/v2\/pages"}],"about":[{"href":"https:\/\/cooperer.coop\/index.php?rest_route=\/wp\/v2\/types\/page"}],"author":[{"embeddable":true,"href":"https:\/\/cooperer.coop\/index.php?rest_route=\/wp\/v2\/users\/2"}],"replies":[{"embeddable":true,"href":"https:\/\/cooperer.coop\/index.php?rest_route=%2Fwp%2Fv2%2Fcomments&post=2435"}],"version-history":[{"count":12,"href":"https:\/\/cooperer.coop\/index.php?rest_route=\/wp\/v2\/pages\/2435\/revisions"}],"predecessor-version":[{"id":2604,"href":"https:\/\/cooperer.coop\/index.php?rest_route=\/wp\/v2\/pages\/2435\/revisions\/2604"}],"up":[{"embeddable":true,"href":"https:\/\/cooperer.coop\/index.php?rest_route=\/wp\/v2\/pages\/38"}],"wp:attachment":[{"href":"https:\/\/cooperer.coop\/index.php?rest_route=%2Fwp%2Fv2%2Fmedia&parent=2435"}],"curies":[{"name":"wp","href":"https:\/\/api.w.org\/{rel}","templated":true}]}}