{"id":56,"date":"2022-02-19T21:30:55","date_gmt":"2022-02-19T20:30:55","guid":{"rendered":"https:\/\/cooperer.coop\/?page_id=56"},"modified":"2022-09-19T11:19:09","modified_gmt":"2022-09-19T09:19:09","slug":"les-formations-realisees","status":"publish","type":"page","link":"https:\/\/cooperer.coop\/?page_id=56","title":{"rendered":"Les formations r\u00e9alis\u00e9es"},"content":{"rendered":"\n<p class=\"has-text-align-center\">Coop\u00e9rer pour Entreprendre a \u00e9t\u00e9 pendant de nombreuses ann\u00e9es Organisme de formation, certifi\u00e9 Qualiopi en 2021. <br>Coop\u00e9rer pour Entreprendre a cess\u00e9 ses activit\u00e9s d&#8217;OF fin 2022.<\/p>\n\n\n\n<div style=\"height:30px\" aria-hidden=\"true\" class=\"wp-block-spacer\"><\/div>\n\n\n<style>#kt-layout-id_3bcc55-f9 > .kt-row-column-wrap{align-content:start;}:where(#kt-layout-id_3bcc55-f9 > .kt-row-column-wrap) > .wp-block-kadence-column{justify-content:start;}#kt-layout-id_3bcc55-f9 > .kt-row-column-wrap{column-gap:var(--global-kb-gap-md, 2rem);row-gap:var(--global-kb-gap-md, 2rem);max-width:1280px;margin-left:auto;margin-right:auto;padding-top:var( --global-kb-row-default-top, 25px );padding-bottom:var( --global-kb-row-default-bottom, 25px );padding-top:var(--global-kb-spacing-sm, 1.5rem);padding-bottom:var(--global-kb-spacing-sm, 1.5rem);grid-template-columns:repeat(3, minmax(0, 1fr));}#kt-layout-id_3bcc55-f9 > .kt-row-layout-overlay{opacity:0.30;}@media all and (max-width: 1024px){#kt-layout-id_3bcc55-f9 > .kt-row-column-wrap{grid-template-columns:repeat(3, minmax(0, 1fr));}}@media all and (max-width: 767px){#kt-layout-id_3bcc55-f9 > .kt-row-column-wrap{grid-template-columns:minmax(0, 1fr);}}<\/style>\n<div class=\"wp-block-kadence-rowlayout alignfull\"><div id=\"kt-layout-id_3bcc55-f9\" class=\"kt-row-layout-inner kt-layout-id_3bcc55-f9\"><div class=\"kt-row-column-wrap kt-has-3-columns kt-gutter-default kt-v-gutter-default kt-row-valign-top kt-row-layout-equal kt-tab-layout-inherit kt-m-colapse-left-to-right kt-mobile-layout-row\"><style>.kadence-column_38f5eb-4b > .kt-inside-inner-col{border-top-width:0px;border-right-width:0px;border-bottom-width:0px;border-left-width:0px;}.kadence-column_38f5eb-4b > .kt-inside-inner-col,.kadence-column_38f5eb-4b > .kt-inside-inner-col:before{border-top-left-radius:0px;border-top-right-radius:0px;border-bottom-right-radius:0px;border-bottom-left-radius:0px;}.kadence-column_38f5eb-4b > .kt-inside-inner-col{column-gap:var(--global-kb-gap-sm, 1rem);}.kadence-column_38f5eb-4b > .kt-inside-inner-col{flex-direction:column;}.kadence-column_38f5eb-4b > .kt-inside-inner-col > .aligncenter{width:100%;}.kadence-column_38f5eb-4b > .kt-inside-inner-col:before{opacity:0.3;}.kadence-column_38f5eb-4b{position:relative;}@media all and (max-width: 1024px){.kadence-column_38f5eb-4b > .kt-inside-inner-col{flex-direction:column;}}@media all and (max-width: 767px){.kadence-column_38f5eb-4b > .kt-inside-inner-col{flex-direction:column;}}<\/style>\n<div class=\"wp-block-kadence-column inner-column-1 kadence-column_38f5eb-4b\"><div class=\"kt-inside-inner-col\"><style>.wp-block-kadence-advancedheading.kt-adv-heading_b7e7d9-d4, .wp-block-kadence-advancedheading.kt-adv-heading_b7e7d9-d4[data-kb-block=\"kb-adv-heading_b7e7d9-d4\"]{font-size:24px;font-style:normal;}.wp-block-kadence-advancedheading.kt-adv-heading_b7e7d9-d4 mark.kt-highlight, .wp-block-kadence-advancedheading.kt-adv-heading_b7e7d9-d4[data-kb-block=\"kb-adv-heading_b7e7d9-d4\"] mark.kt-highlight{font-style:normal;color:#f76a0c;padding-top:0px;padding-right:0px;padding-bottom:0px;padding-left:0px;}<\/style>\n<h2 class=\"kt-adv-heading_b7e7d9-d4 wp-block-kadence-advancedheading\" data-kb-block=\"kb-adv-heading_b7e7d9-d4\">Formation intra <strong>\u00ab G\u00e9rer une CAE \u00bb<\/strong><\/h2>\n\n\n\n<div style=\"height:30px\" aria-hidden=\"true\" class=\"wp-block-spacer\"><\/div>\n\n\n<style>.kb-image_37a33b-ed .kb-image-has-overlay:after{opacity:0.3;}<\/style>\n<figure class=\"wp-block-kadence-image kb-image_37a33b-ed size-large\"><img loading=\"lazy\" decoding=\"async\" width=\"1024\" height=\"578\" src=\"https:\/\/cooperer.coop\/wp-content\/uploads\/2022\/03\/Cre\u0301er-une-CAE-1024x578.jpg\" alt=\"\" class=\"kb-img wp-image-345\" srcset=\"https:\/\/cooperer.coop\/wp-content\/uploads\/2022\/03\/Cre\u0301er-une-CAE-1024x578.jpg 1024w, https:\/\/cooperer.coop\/wp-content\/uploads\/2022\/03\/Cre\u0301er-une-CAE-300x169.jpg 300w, https:\/\/cooperer.coop\/wp-content\/uploads\/2022\/03\/Cre\u0301er-une-CAE-768x433.jpg 768w, https:\/\/cooperer.coop\/wp-content\/uploads\/2022\/03\/Cre\u0301er-une-CAE-1536x866.jpg 1536w, https:\/\/cooperer.coop\/wp-content\/uploads\/2022\/03\/Cre\u0301er-une-CAE-1200x677.jpg 1200w, https:\/\/cooperer.coop\/wp-content\/uploads\/2022\/03\/Cre\u0301er-une-CAE-1980x1117.jpg 1980w, https:\/\/cooperer.coop\/wp-content\/uploads\/2022\/03\/Cre\u0301er-une-CAE-600x338.jpg 600w, https:\/\/cooperer.coop\/wp-content\/uploads\/2022\/03\/Cre\u0301er-une-CAE.jpg 2048w\" sizes=\"auto, (max-width: 1024px) 100vw, 1024px\" \/><\/figure>\n\n\n<style>.wp-block-kadence-advancedheading.kt-adv-heading_102447-91, .wp-block-kadence-advancedheading.kt-adv-heading_102447-91[data-kb-block=\"kb-adv-heading_102447-91\"]{font-style:normal;}.wp-block-kadence-advancedheading.kt-adv-heading_102447-91 mark.kt-highlight, .wp-block-kadence-advancedheading.kt-adv-heading_102447-91[data-kb-block=\"kb-adv-heading_102447-91\"] mark.kt-highlight{font-style:normal;color:#f76a0c;padding-top:0px;padding-right:0px;padding-bottom:0px;padding-left:0px;}<\/style>\n<p class=\"kt-adv-heading_102447-91 wp-block-kadence-advancedheading has-primary-color has-text-color\" data-kb-block=\"kb-adv-heading_102447-91\">Cette formation a permis d&#8217;acqu\u00e9rir les connaissances de base permettant d\u2019\u00e9tayer un projet de cr\u00e9ation de CAE et de se situer dans Coop\u00e9rer pour Entreprendre.<\/p>\n\n\n\n<div style=\"height:15px\" aria-hidden=\"true\" class=\"wp-block-spacer\"><\/div>\n<\/div><\/div>\n\n\n<style>.kadence-column_47751a-2c > .kt-inside-inner-col{border-top-width:0px;border-right-width:0px;border-bottom-width:0px;border-left-width:0px;}.kadence-column_47751a-2c > .kt-inside-inner-col,.kadence-column_47751a-2c > .kt-inside-inner-col:before{border-top-left-radius:0px;border-top-right-radius:0px;border-bottom-right-radius:0px;border-bottom-left-radius:0px;}.kadence-column_47751a-2c > .kt-inside-inner-col{column-gap:var(--global-kb-gap-sm, 1rem);}.kadence-column_47751a-2c > .kt-inside-inner-col{flex-direction:column;}.kadence-column_47751a-2c > .kt-inside-inner-col > .aligncenter{width:100%;}.kadence-column_47751a-2c > .kt-inside-inner-col:before{opacity:0.3;}.kadence-column_47751a-2c{position:relative;}@media all and (max-width: 1024px){.kadence-column_47751a-2c > .kt-inside-inner-col{flex-direction:column;}}@media all and (max-width: 767px){.kadence-column_47751a-2c > .kt-inside-inner-col{flex-direction:column;}}<\/style>\n<div class=\"wp-block-kadence-column inner-column-2 kadence-column_47751a-2c\"><div class=\"kt-inside-inner-col\"><style>.wp-block-kadence-advancedheading.kt-adv-heading_529991-fd, .wp-block-kadence-advancedheading.kt-adv-heading_529991-fd[data-kb-block=\"kb-adv-heading_529991-fd\"]{font-size:24px;font-style:normal;}.wp-block-kadence-advancedheading.kt-adv-heading_529991-fd mark.kt-highlight, .wp-block-kadence-advancedheading.kt-adv-heading_529991-fd[data-kb-block=\"kb-adv-heading_529991-fd\"] mark.kt-highlight{font-style:normal;color:#f76a0c;padding-top:0px;padding-right:0px;padding-bottom:0px;padding-left:0px;}<\/style>\n<h2 class=\"kt-adv-heading_529991-fd wp-block-kadence-advancedheading\" data-kb-block=\"kb-adv-heading_529991-fd\">Formation<strong> \u00ab Mod\u00e9liser une CAE \u00bb<\/strong><\/h2>\n\n\n\n<div style=\"height:30px\" aria-hidden=\"true\" class=\"wp-block-spacer\"><\/div>\n\n\n<style>.kb-image_17f602-64 .kb-image-has-overlay:after{opacity:0.3;}<\/style>\n<figure class=\"wp-block-kadence-image kb-image_17f602-64 kb-image-is-ratio-size\"><div class=\"kb-is-ratio-image kb-image-ratio-land169\"><img loading=\"lazy\" decoding=\"async\" width=\"700\" height=\"460\" src=\"https:\/\/cooperer.coop\/wp-content\/uploads\/2022\/03\/Formation-porteur-de-projet-de-CAE-e1648647827644.jpg\" alt=\"\" class=\"kb-img wp-image-374\" srcset=\"https:\/\/cooperer.coop\/wp-content\/uploads\/2022\/03\/Formation-porteur-de-projet-de-CAE-e1648647827644.jpg 700w, https:\/\/cooperer.coop\/wp-content\/uploads\/2022\/03\/Formation-porteur-de-projet-de-CAE-e1648647827644-300x197.jpg 300w, https:\/\/cooperer.coop\/wp-content\/uploads\/2022\/03\/Formation-porteur-de-projet-de-CAE-e1648647827644-600x394.jpg 600w\" sizes=\"auto, (max-width: 700px) 100vw, 700px\" \/><\/div><\/figure>\n\n\n<style>.wp-block-kadence-advancedheading.kt-adv-heading_9bf829-f2, .wp-block-kadence-advancedheading.kt-adv-heading_9bf829-f2[data-kb-block=\"kb-adv-heading_9bf829-f2\"]{font-style:normal;}.wp-block-kadence-advancedheading.kt-adv-heading_9bf829-f2 mark.kt-highlight, .wp-block-kadence-advancedheading.kt-adv-heading_9bf829-f2[data-kb-block=\"kb-adv-heading_9bf829-f2\"] mark.kt-highlight{font-style:normal;color:#f76a0c;padding-top:0px;padding-right:0px;padding-bottom:0px;padding-left:0px;}<\/style>\n<p class=\"kt-adv-heading_9bf829-f2 wp-block-kadence-advancedheading\" data-kb-block=\"kb-adv-heading_9bf829-f2\">Cette formation a permis de positionner le projet de CAE, clarifier ses futures missions, d\u00e9finir les principes de son mod\u00e8le \u00e9conomique et d&#8217;identifier les besoins de financement.<\/p>\n<\/div><\/div>\n\n\n<style>.kadence-column_824504-2d > .kt-inside-inner-col{border-top-width:0px;border-right-width:0px;border-bottom-width:0px;border-left-width:0px;}.kadence-column_824504-2d > .kt-inside-inner-col,.kadence-column_824504-2d > .kt-inside-inner-col:before{border-top-left-radius:0px;border-top-right-radius:0px;border-bottom-right-radius:0px;border-bottom-left-radius:0px;}.kadence-column_824504-2d > .kt-inside-inner-col{column-gap:var(--global-kb-gap-sm, 1rem);}.kadence-column_824504-2d > .kt-inside-inner-col{flex-direction:column;}.kadence-column_824504-2d > .kt-inside-inner-col > .aligncenter{width:100%;}.kadence-column_824504-2d > .kt-inside-inner-col:before{opacity:0.3;}.kadence-column_824504-2d{position:relative;}@media all and (max-width: 1024px){.kadence-column_824504-2d > .kt-inside-inner-col{flex-direction:column;}}@media all and (max-width: 767px){.kadence-column_824504-2d > .kt-inside-inner-col{flex-direction:column;}}<\/style>\n<div class=\"wp-block-kadence-column inner-column-3 kadence-column_824504-2d\"><div class=\"kt-inside-inner-col\"><style>.wp-block-kadence-advancedheading.kt-adv-heading_6815f3-43, .wp-block-kadence-advancedheading.kt-adv-heading_6815f3-43[data-kb-block=\"kb-adv-heading_6815f3-43\"]{font-size:24px;font-style:normal;}.wp-block-kadence-advancedheading.kt-adv-heading_6815f3-43 mark.kt-highlight, .wp-block-kadence-advancedheading.kt-adv-heading_6815f3-43[data-kb-block=\"kb-adv-heading_6815f3-43\"] mark.kt-highlight{font-style:normal;color:#f76a0c;padding-top:0px;padding-right:0px;padding-bottom:0px;padding-left:0px;}<\/style>\n<h2 class=\"kt-adv-heading_6815f3-43 wp-block-kadence-advancedheading\" data-kb-block=\"kb-adv-heading_6815f3-43\">Formation  <strong>\u00ab Prendre en main les outils CAE-Impact \u00bb<\/strong><\/h2>\n\n\n<style>.kb-image_261469-d3 .kb-image-has-overlay:after{opacity:0.3;}<\/style>\n<figure class=\"wp-block-kadence-image kb-image_261469-d3 size-medium_large\"><img loading=\"lazy\" decoding=\"async\" width=\"768\" height=\"433\" src=\"https:\/\/cooperer.coop\/wp-content\/uploads\/2022\/03\/1622150847681-768x433.jpg\" alt=\"\" class=\"kb-img wp-image-434\" srcset=\"https:\/\/cooperer.coop\/wp-content\/uploads\/2022\/03\/1622150847681-768x433.jpg 768w, https:\/\/cooperer.coop\/wp-content\/uploads\/2022\/03\/1622150847681-300x169.jpg 300w, https:\/\/cooperer.coop\/wp-content\/uploads\/2022\/03\/1622150847681-600x338.jpg 600w, https:\/\/cooperer.coop\/wp-content\/uploads\/2022\/03\/1622150847681.jpg 800w\" sizes=\"auto, (max-width: 768px) 100vw, 768px\" \/><\/figure>\n\n\n<style>.wp-block-kadence-advancedheading.kt-adv-heading_2f8999-93, .wp-block-kadence-advancedheading.kt-adv-heading_2f8999-93[data-kb-block=\"kb-adv-heading_2f8999-93\"]{font-style:normal;}.wp-block-kadence-advancedheading.kt-adv-heading_2f8999-93 mark.kt-highlight, .wp-block-kadence-advancedheading.kt-adv-heading_2f8999-93[data-kb-block=\"kb-adv-heading_2f8999-93\"] mark.kt-highlight{font-style:normal;color:#f76a0c;padding-top:0px;padding-right:0px;padding-bottom:0px;padding-left:0px;}<\/style>\n<p class=\"kt-adv-heading_2f8999-93 wp-block-kadence-advancedheading\" data-kb-block=\"kb-adv-heading_2f8999-93\">Cette formation a permis d\u2019appr\u00e9hender et de comprendre les outils CAE-IMPACT pour r\u00e9aliser la d\u00e9marche d\u2019\u00e9valuation de l\u2019impact social de sa CAE selon la m\u00e9thode CAE-IMPACT.<\/p>\n<\/div><\/div>\n<\/div><\/div><\/div>\n\n\n<style>#kt-layout-id_5ddd67-46{margin-top:30px;}#kt-layout-id_5ddd67-46 > .kt-row-column-wrap{align-content:start;}:where(#kt-layout-id_5ddd67-46 > .kt-row-column-wrap) > .wp-block-kadence-column{justify-content:start;}#kt-layout-id_5ddd67-46 > .kt-row-column-wrap{column-gap:var(--global-kb-gap-md, 2rem);row-gap:var(--global-kb-gap-md, 2rem);max-width:1280px;margin-left:auto;margin-right:auto;padding-top:var( --global-kb-row-default-top, 25px );padding-bottom:var( --global-kb-row-default-bottom, 25px );padding-top:0px;grid-template-columns:repeat(3, minmax(0, 1fr));}#kt-layout-id_5ddd67-46 > .kt-row-layout-overlay{opacity:0.30;}@media all and (max-width: 1024px){#kt-layout-id_5ddd67-46 > .kt-row-column-wrap{grid-template-columns:repeat(3, minmax(0, 1fr));}}@media all and (max-width: 767px){#kt-layout-id_5ddd67-46 > .kt-row-column-wrap{grid-template-columns:minmax(0, 1fr);}}<\/style>\n<div class=\"wp-block-kadence-rowlayout alignfull\"><div id=\"kt-layout-id_5ddd67-46\" class=\"kt-row-layout-inner kt-layout-id_5ddd67-46\"><div class=\"kt-row-column-wrap kt-has-3-columns kt-gutter-default kt-v-gutter-default kt-row-valign-top kt-row-layout-equal kt-tab-layout-inherit kt-m-colapse-left-to-right kt-mobile-layout-row\"><style>.kadence-column_0d3f28-9e > .kt-inside-inner-col{border-top-width:0px;border-right-width:0px;border-bottom-width:0px;border-left-width:0px;}.kadence-column_0d3f28-9e > .kt-inside-inner-col,.kadence-column_0d3f28-9e > .kt-inside-inner-col:before{border-top-left-radius:0px;border-top-right-radius:0px;border-bottom-right-radius:0px;border-bottom-left-radius:0px;}.kadence-column_0d3f28-9e > .kt-inside-inner-col{column-gap:var(--global-kb-gap-sm, 1rem);}.kadence-column_0d3f28-9e > .kt-inside-inner-col{flex-direction:column;}.kadence-column_0d3f28-9e > .kt-inside-inner-col > .aligncenter{width:100%;}.kadence-column_0d3f28-9e > .kt-inside-inner-col:before{opacity:0.3;}.kadence-column_0d3f28-9e{position:relative;}@media all and (max-width: 1024px){.kadence-column_0d3f28-9e > .kt-inside-inner-col{flex-direction:column;}}@media all and (max-width: 767px){.kadence-column_0d3f28-9e > .kt-inside-inner-col{flex-direction:column;}}<\/style>\n<div class=\"wp-block-kadence-column inner-column-1 kadence-column_0d3f28-9e\"><div class=\"kt-inside-inner-col\"><style>.wp-block-kadence-advancedheading.kt-adv-heading_6b2448-39, .wp-block-kadence-advancedheading.kt-adv-heading_6b2448-39[data-kb-block=\"kb-adv-heading_6b2448-39\"]{font-size:24px;font-style:normal;}.wp-block-kadence-advancedheading.kt-adv-heading_6b2448-39 mark.kt-highlight, .wp-block-kadence-advancedheading.kt-adv-heading_6b2448-39[data-kb-block=\"kb-adv-heading_6b2448-39\"] mark.kt-highlight{font-style:normal;color:#f76a0c;padding-top:0px;padding-right:0px;padding-bottom:0px;padding-left:0px;}<\/style>\n<h2 class=\"kt-adv-heading_6b2448-39 wp-block-kadence-advancedheading\" data-kb-block=\"kb-adv-heading_6b2448-39\">Formation <strong>\u00ab R\u00e9aliser une Flashcoop \u00bb<\/strong><\/h2>\n\n\n<style>.kb-image_89c916-44 .kb-image-has-overlay:after{opacity:0.3;}<\/style>\n<figure class=\"wp-block-kadence-image kb-image_89c916-44 size-large\"><img loading=\"lazy\" decoding=\"async\" width=\"1024\" height=\"681\" src=\"https:\/\/cooperer.coop\/wp-content\/uploads\/2022\/03\/Flashcoop-1024x681.jpg\" alt=\"\" class=\"kb-img wp-image-559\" srcset=\"https:\/\/cooperer.coop\/wp-content\/uploads\/2022\/03\/Flashcoop-1024x681.jpg 1024w, https:\/\/cooperer.coop\/wp-content\/uploads\/2022\/03\/Flashcoop-300x200.jpg 300w, https:\/\/cooperer.coop\/wp-content\/uploads\/2022\/03\/Flashcoop-768x511.jpg 768w, https:\/\/cooperer.coop\/wp-content\/uploads\/2022\/03\/Flashcoop-1536x1021.jpg 1536w, https:\/\/cooperer.coop\/wp-content\/uploads\/2022\/03\/Flashcoop-1200x798.jpg 1200w, https:\/\/cooperer.coop\/wp-content\/uploads\/2022\/03\/Flashcoop-600x399.jpg 600w, https:\/\/cooperer.coop\/wp-content\/uploads\/2022\/03\/Flashcoop.jpg 1600w\" sizes=\"auto, (max-width: 1024px) 100vw, 1024px\" \/><\/figure>\n\n\n\n<p>Cette formation a permis d&#8217;appr\u00e9hender les principes de l\u2019accompagnement \u00e0 la cr\u00e9ation d\u2019activit\u00e9, les sp\u00e9cificit\u00e9s du public cible des Flashcoop et la m\u00e9thodologie de projet \u00e0 la conduite d&#8217;une Flashcoop.<\/p>\n<\/div><\/div>\n\n\n<style>.kadence-column_27277b-ff > .kt-inside-inner-col{border-top-width:0px;border-right-width:0px;border-bottom-width:0px;border-left-width:0px;}.kadence-column_27277b-ff > .kt-inside-inner-col,.kadence-column_27277b-ff > .kt-inside-inner-col:before{border-top-left-radius:0px;border-top-right-radius:0px;border-bottom-right-radius:0px;border-bottom-left-radius:0px;}.kadence-column_27277b-ff > .kt-inside-inner-col{column-gap:var(--global-kb-gap-sm, 1rem);}.kadence-column_27277b-ff > .kt-inside-inner-col{flex-direction:column;}.kadence-column_27277b-ff > .kt-inside-inner-col > .aligncenter{width:100%;}.kadence-column_27277b-ff > .kt-inside-inner-col:before{opacity:0.3;}.kadence-column_27277b-ff{position:relative;}@media all and (max-width: 1024px){.kadence-column_27277b-ff > .kt-inside-inner-col{flex-direction:column;}}@media all and (max-width: 767px){.kadence-column_27277b-ff > .kt-inside-inner-col{flex-direction:column;}}<\/style>\n<div class=\"wp-block-kadence-column inner-column-2 kadence-column_27277b-ff\"><div class=\"kt-inside-inner-col\"><style>.wp-block-kadence-advancedheading.kt-adv-heading_2520ed-86, .wp-block-kadence-advancedheading.kt-adv-heading_2520ed-86[data-kb-block=\"kb-adv-heading_2520ed-86\"]{font-size:23px;font-style:normal;}.wp-block-kadence-advancedheading.kt-adv-heading_2520ed-86 mark.kt-highlight, .wp-block-kadence-advancedheading.kt-adv-heading_2520ed-86[data-kb-block=\"kb-adv-heading_2520ed-86\"] mark.kt-highlight{font-style:normal;color:#f76a0c;padding-top:0px;padding-right:0px;padding-bottom:0px;padding-left:0px;}<\/style>\n<h2 class=\"kt-adv-heading_2520ed-86 wp-block-kadence-advancedheading\" data-kb-block=\"kb-adv-heading_2520ed-86\">Formation <strong>\u00ab Animer les collectifs d&#8217;entrepreneurs \u00bb<\/strong><\/h2>\n\n\n<style>.kb-image_85bbab-bb .kb-image-has-overlay:after{opacity:0.3;}<\/style>\n<figure class=\"wp-block-kadence-image kb-image_85bbab-bb\"><img loading=\"lazy\" decoding=\"async\" width=\"1158\" height=\"761\" src=\"https:\/\/cooperer.coop\/wp-content\/uploads\/2022\/09\/CPE-39-e1663160571308.jpg\" alt=\"\" class=\"kb-img wp-image-2329\" srcset=\"https:\/\/cooperer.coop\/wp-content\/uploads\/2022\/09\/CPE-39-e1663160571308.jpg 1158w, https:\/\/cooperer.coop\/wp-content\/uploads\/2022\/09\/CPE-39-e1663160571308-300x197.jpg 300w, https:\/\/cooperer.coop\/wp-content\/uploads\/2022\/09\/CPE-39-e1663160571308-1024x673.jpg 1024w, https:\/\/cooperer.coop\/wp-content\/uploads\/2022\/09\/CPE-39-e1663160571308-768x505.jpg 768w, https:\/\/cooperer.coop\/wp-content\/uploads\/2022\/09\/CPE-39-e1663160571308-600x394.jpg 600w\" sizes=\"auto, (max-width: 1158px) 100vw, 1158px\" \/><\/figure>\n\n\n\n<p>Cette formation a permis d&#8217;animer un groupe en permettant \u00e0 chacun d\u2019y trouver son r\u00f4le et son utilit\u00e9, et d&#8217;utiliser des techniques d\u2019animation et des outils num\u00e9riques adapt\u00e9s au groupe.<\/p>\n<\/div><\/div>\n\n\n<style>.kadence-column_ee3d9f-41 > .kt-inside-inner-col{border-top-width:0px;border-right-width:0px;border-bottom-width:0px;border-left-width:0px;}.kadence-column_ee3d9f-41 > .kt-inside-inner-col,.kadence-column_ee3d9f-41 > .kt-inside-inner-col:before{border-top-left-radius:0px;border-top-right-radius:0px;border-bottom-right-radius:0px;border-bottom-left-radius:0px;}.kadence-column_ee3d9f-41 > .kt-inside-inner-col{column-gap:var(--global-kb-gap-sm, 1rem);}.kadence-column_ee3d9f-41 > .kt-inside-inner-col{flex-direction:column;}.kadence-column_ee3d9f-41 > .kt-inside-inner-col > .aligncenter{width:100%;}.kadence-column_ee3d9f-41 > .kt-inside-inner-col:before{opacity:0.3;}.kadence-column_ee3d9f-41{position:relative;}@media all and (max-width: 1024px){.kadence-column_ee3d9f-41 > .kt-inside-inner-col{flex-direction:column;}}@media all and (max-width: 767px){.kadence-column_ee3d9f-41 > .kt-inside-inner-col{flex-direction:column;}}<\/style>\n<div class=\"wp-block-kadence-column inner-column-3 kadence-column_ee3d9f-41\"><div class=\"kt-inside-inner-col\"><style>.wp-block-kadence-advancedheading.kt-adv-heading_153ced-96, .wp-block-kadence-advancedheading.kt-adv-heading_153ced-96[data-kb-block=\"kb-adv-heading_153ced-96\"]{font-size:23px;font-style:normal;}.wp-block-kadence-advancedheading.kt-adv-heading_153ced-96 mark.kt-highlight, .wp-block-kadence-advancedheading.kt-adv-heading_153ced-96[data-kb-block=\"kb-adv-heading_153ced-96\"] mark.kt-highlight{font-style:normal;color:#f76a0c;padding-top:0px;padding-right:0px;padding-bottom:0px;padding-left:0px;}<\/style>\n<h2 class=\"kt-adv-heading_153ced-96 wp-block-kadence-advancedheading\" data-kb-block=\"kb-adv-heading_153ced-96\"><strong>Autres formations r\u00e9alis\u00e9es par CPE<\/strong><\/h2>\n\n\n<style>.kb-image_19d00c-ab .kb-image-has-overlay:after{opacity:0.3;}<\/style>\n<figure class=\"wp-block-kadence-image kb-image_19d00c-ab size-full\"><img loading=\"lazy\" decoding=\"async\" width=\"450\" height=\"300\" src=\"https:\/\/cooperer.coop\/wp-content\/uploads\/2022\/07\/Formation.jpg\" alt=\"\" class=\"kb-img wp-image-1959\" srcset=\"https:\/\/cooperer.coop\/wp-content\/uploads\/2022\/07\/Formation.jpg 450w, https:\/\/cooperer.coop\/wp-content\/uploads\/2022\/07\/Formation-300x200.jpg 300w\" sizes=\"auto, (max-width: 450px) 100vw, 450px\" \/><\/figure>\n\n\n\n<p>Au cours des ann\u00e9es, Coop\u00e9rer pour Entreprendre a mis en place, avec le concours de ses membres ou de prestataires externes, plusieurs modules de formations pour accompagner la mont\u00e9e en comp\u00e9tences sur divers sujets de ses soci\u00e9taires.<\/p>\n<\/div><\/div>\n<\/div><\/div><\/div>\n\n\n<style>#kt-layout-id_fe3070-6c > .kt-row-column-wrap{align-content:start;}:where(#kt-layout-id_fe3070-6c > .kt-row-column-wrap) > .wp-block-kadence-column{justify-content:start;}#kt-layout-id_fe3070-6c > .kt-row-column-wrap{column-gap:var(--global-kb-gap-md, 2rem);row-gap:var(--global-kb-gap-md, 2rem);padding-top:var( --global-kb-row-default-top, 25px );padding-bottom:var( --global-kb-row-default-bottom, 25px );padding-top:0px;grid-template-columns:minmax(0, 1fr);}#kt-layout-id_fe3070-6c > .kt-row-layout-overlay{opacity:0.30;}@media all and (max-width: 1024px){#kt-layout-id_fe3070-6c > .kt-row-column-wrap{grid-template-columns:minmax(0, 1fr);}}@media all and (max-width: 767px){#kt-layout-id_fe3070-6c > .kt-row-column-wrap{grid-template-columns:minmax(0, 1fr);}}<\/style>\n<div class=\"wp-block-kadence-rowlayout alignfull\"><div id=\"kt-layout-id_fe3070-6c\" class=\"kt-row-layout-inner kt-layout-id_fe3070-6c\"><div class=\"kt-row-column-wrap kt-has-1-columns kt-gutter-default kt-v-gutter-default kt-row-valign-top kt-row-layout-equal kt-tab-layout-inherit kt-m-colapse-left-to-right kt-mobile-layout-row\"><style>.kadence-column_894950-ff > .kt-inside-inner-col{border-top-width:0px;border-right-width:0px;border-bottom-width:0px;border-left-width:0px;}.kadence-column_894950-ff > .kt-inside-inner-col,.kadence-column_894950-ff > .kt-inside-inner-col:before{border-top-left-radius:0px;border-top-right-radius:0px;border-bottom-right-radius:0px;border-bottom-left-radius:0px;}.kadence-column_894950-ff > .kt-inside-inner-col{column-gap:var(--global-kb-gap-sm, 1rem);}.kadence-column_894950-ff > .kt-inside-inner-col{flex-direction:column;}.kadence-column_894950-ff > .kt-inside-inner-col > .aligncenter{width:100%;}.kadence-column_894950-ff > .kt-inside-inner-col:before{opacity:0.3;}.kadence-column_894950-ff{position:relative;}@media all and (max-width: 1024px){.kadence-column_894950-ff > .kt-inside-inner-col{flex-direction:column;}}@media all and (max-width: 767px){.kadence-column_894950-ff > .kt-inside-inner-col{flex-direction:column;}}<\/style>\n<div class=\"wp-block-kadence-column inner-column-1 kadence-column_894950-ff\"><div class=\"kt-inside-inner-col\"><\/div><\/div>\n<\/div><\/div><\/div>\n","protected":false},"excerpt":{"rendered":"<p>Coop\u00e9rer pour Entreprendre a \u00e9t\u00e9 pendant de nombreuses ann\u00e9es Organisme de formation, certifi\u00e9 Qualiopi en 2021. Coop\u00e9rer pour Entreprendre a cess\u00e9 ses activit\u00e9s d&#8217;OF fin 2022. Formation intra \u00ab G\u00e9rer une CAE \u00bb Cette formation a permis d&#8217;acqu\u00e9rir les connaissances de base permettant d\u2019\u00e9tayer un projet de cr\u00e9ation de CAE et de se situer dans [&hellip;]<\/p>\n","protected":false},"author":1,"featured_media":0,"parent":30,"menu_order":0,"comment_status":"closed","ping_status":"closed","template":"","meta":{"footnotes":""},"class_list":["post-56","page","type-page","status-publish","hentry"],"_links":{"self":[{"href":"https:\/\/cooperer.coop\/index.php?rest_route=\/wp\/v2\/pages\/56","targetHints":{"allow":["GET"]}}],"collection":[{"href":"https:\/\/cooperer.coop\/index.php?rest_route=\/wp\/v2\/pages"}],"about":[{"href":"https:\/\/cooperer.coop\/index.php?rest_route=\/wp\/v2\/types\/page"}],"author":[{"embeddable":true,"href":"https:\/\/cooperer.coop\/index.php?rest_route=\/wp\/v2\/users\/1"}],"replies":[{"embeddable":true,"href":"https:\/\/cooperer.coop\/index.php?rest_route=%2Fwp%2Fv2%2Fcomments&post=56"}],"version-history":[{"count":54,"href":"https:\/\/cooperer.coop\/index.php?rest_route=\/wp\/v2\/pages\/56\/revisions"}],"predecessor-version":[{"id":1222,"href":"https:\/\/cooperer.coop\/index.php?rest_route=\/wp\/v2\/pages\/56\/revisions\/1222"}],"up":[{"embeddable":true,"href":"https:\/\/cooperer.coop\/index.php?rest_route=\/wp\/v2\/pages\/30"}],"wp:attachment":[{"href":"https:\/\/cooperer.coop\/index.php?rest_route=%2Fwp%2Fv2%2Fmedia&parent=56"}],"curies":[{"name":"wp","href":"https:\/\/api.w.org\/{rel}","templated":true}]}}